{"id":81,"date":"2015-01-12T15:39:49","date_gmt":"2015-01-12T15:39:49","guid":{"rendered":"http:\/\/jewel.europadns.net\/?page_id=81"},"modified":"2017-12-02T15:14:44","modified_gmt":"2017-12-02T14:14:44","slug":"unternehmen","status":"publish","type":"page","link":"https:\/\/www.dimatteo-eisengiesserei.de\/?page_id=81","title":{"rendered":"Unternehmen"},"content":{"rendered":"<p>[vc_row][vc_column][vc_column_text]<a href=\"http:\/\/www.dimatteo-eisengiesserei.de\/homehome\/\">Home<\/a> \u00bb Unternehmen[\/vc_column_text][vc_column_text]<\/p>\n<h1>Unternehmen<\/h1>\n<h2>DI MATTEO Eisengie\u00dferei in Dingelst\u00e4dt \u2013 Ihr Partner f\u00fcr Maschinenformguss, Handformguss, Guss f\u00fcr Maschinenbau, Gussteile f\u00fcr die Pumpenherstellung, Kanalguss, Kunstguss und andere Sonderanfertigungen<\/h2>\n<p>[\/vc_column_text][vc_column_text]Die DI MATTEO Eisengie\u00dferei wurde 2015 von Martin Sterner und Andreas Maiwald, mit der \u00dcbernahme des bestehenden Unternehmens DiMa Dingelst\u00e4dter Maschinen- und Anlagenbau GmbH, gegr\u00fcndet. Mit der Fortf\u00fchrung des Unternehmens in Dingelst\u00e4dt wird eine jahrzehntelange Gie\u00dfereitradition fortgesetzt und aus dem weitergegebenen Know-how ein hohes Ma\u00df an Fachkompetenz gesch\u00f6pft.<\/p>\n<p>Als einzige Eisengie\u00dferei im Eichsfeld fertigt die DI MATTEO Eisengie\u00dferei auf einer Produktionsfl\u00e4che von \u00fcber 6.500m\u00b2 komplizierte Gussst\u00fccke in Handformverfahren, sowie kleine bis mittlere Serien auf Formmaschinen an. Die Jahreskapazit\u00e4t bel\u00e4uft sich dabei auf rund 450 Tonnen Guss.<br \/>\nUnter anderem finden Sie unsere Produkte im Getriebe- und Pumpenbau, in der Br\u00fcckenentw\u00e4sserungs- und Saatgutreinigungstechnik, in der F\u00f6rder- und Antriebstechnik, als auch im allgemeinen Maschinenbau wieder.<\/p>\n<p>Mit unserem leistungsstarken Team produzieren wir Gussteile f\u00fcr anspruchsvolle Anwendungen in den verschiedensten Bereichen. Im Graugussbereich befinden wir uns bei einem St\u00fcckgewicht von 0,1kg bis hin zu 600kg und im Sph\u00e4rogussbereich bei 0,1kg bis zu 350kg. Von Gussteilen zur Pumpenherstellung \u00fcber Guss f\u00fcr den Maschinenbau bis hin zum Kanal- und Kunstguss erhalten Sie alles aus einer Hand. Auch bei Sonderanfertigungen k\u00f6nnen Sie auf uns z\u00e4hlen und uns gerne kontaktieren.<br \/>\nDurch innovative Maschinen unserer Formerei ist es uns m\u00f6glich eine besonders schnelle und kurzfristige Auslieferung von Gussteilen im Ersatzteilbereich zu erreichen.<br \/>\nNeben der reinen Gussfertigung sind wir ebenfalls ein zuverl\u00e4ssiger Partner bei der sp\u00e4teren mechanischen Bearbeitung und der Farbgebung Ihrer Gussteile.<br \/>\nUnser Ziel ist es unseren Kunden hochwertige und nachhaltige Produkte zu liefern. Dabei stehen die Anspr\u00fcche und individuellen W\u00fcnsche unserer Kunden immer im Vordergrund und werden mit Zuverl\u00e4ssigkeit, Effizienz und Nachhaltigkeit umgesetzt.<\/p>\n<p><strong>Die DI MATTEO Eisengie\u00dferei GmbH ist zum festen Teil der DI MATTEO Firmengruppe geworden und erg\u00e4nzt sich optimal mit den bereits seit \u00fcber 45 Jahren bestehenden Unternehmensbereichen rund um den Maschinen- und Anlagenbau, Engineering, Verschlei\u00dfschutzsysteme und Services.<\/strong>[\/vc_column_text][\/vc_column][\/vc_row][vc_row][vc_column][vc_column_text]<\/p>\n<h3>Mehr \u00fcber DI MATTEO Eisengie\u00dferei<\/h3>\n<p>[\/vc_column_text][vc_wp_custommenu nav_menu=&#8220;6&#8243;][\/vc_column][\/vc_row]<\/p>\n","protected":false},"excerpt":{"rendered":"<p>[vc_row][vc_column][vc_column_text]Home \u00bb Unternehmen[\/vc_column_text][vc_column_text] Unternehmen DI MATTEO Eisengie\u00dferei in Dingelst\u00e4dt \u2013 Ihr Partner f\u00fcr Maschinenformguss, Handformguss, Guss f\u00fcr Maschinenbau, Gussteile f\u00fcr die Pumpenherstellung, Kanalguss, Kunstguss und andere Sonderanfertigungen [\/vc_column_text][vc_column_text]Die DI MATTEO Eisengie\u00dferei wurde 2015 von Martin Sterner und Andreas Maiwald, mit der \u00dcbernahme des bestehenden Unternehmens DiMa Dingelst\u00e4dter Maschinen- und Anlagenbau GmbH, gegr\u00fcndet. Mit der Fortf\u00fchrung [&hellip;]<\/p>\n","protected":false},"author":2,"featured_media":0,"parent":0,"menu_order":0,"comment_status":"closed","ping_status":"closed","template":"","meta":{"footnotes":""},"class_list":["post-81","page","type-page","status-publish","hentry"],"yoast_head":"<!-- This site is optimized with the Yoast SEO plugin v27.5 - https:\/\/yoast.com\/product\/yoast-seo-wordpress\/ -->\n<title>Das Unternehmen - Di Matteo Eisengie\u00dferei<\/title>\n<meta name=\"description\" content=\"DI MATTEO Eisengie\u00dferei \u2013 Partner f\u00fcr Maschinenformguss, Handformguss, Maschinenbau, Gussteile f\u00fcr die Pumpen, Kanalguss, Kunstguss und Sonderanfertigungen.\" \/>\n<meta name=\"robots\" content=\"index, follow, max-snippet:-1, max-image-preview:large, max-video-preview:-1\" \/>\n<link rel=\"canonical\" href=\"https:\/\/www.dimatteo-eisengiesserei.de\/?page_id=81\" \/>\n<meta property=\"og:locale\" content=\"de_DE\" \/>\n<meta property=\"og:type\" content=\"article\" \/>\n<meta property=\"og:title\" content=\"Das Unternehmen - Di Matteo Eisengie\u00dferei\" \/>\n<meta property=\"og:description\" content=\"DI MATTEO Eisengie\u00dferei \u2013 Partner f\u00fcr Maschinenformguss, Handformguss, Maschinenbau, Gussteile f\u00fcr die Pumpen, Kanalguss, Kunstguss und Sonderanfertigungen.\" \/>\n<meta property=\"og:url\" content=\"https:\/\/www.dimatteo-eisengiesserei.de\/?page_id=81\" \/>\n<meta property=\"og:site_name\" content=\"DI MATTEO Eisengie\u00dferei\" \/>\n<meta property=\"article:modified_time\" content=\"2017-12-02T14:14:44+00:00\" \/>\n<meta name=\"twitter:card\" content=\"summary_large_image\" \/>\n<meta name=\"twitter:label1\" content=\"Gesch\u00e4tzte Lesezeit\" \/>\n\t<meta name=\"twitter:data1\" content=\"2\u00a0Minuten\" \/>\n<script type=\"application\/ld+json\" class=\"yoast-schema-graph\">{\"@context\":\"https:\\\/\\\/schema.org\",\"@graph\":[{\"@type\":\"WebPage\",\"@id\":\"https:\\\/\\\/www.dimatteo-eisengiesserei.de\\\/?page_id=81\",\"url\":\"https:\\\/\\\/www.dimatteo-eisengiesserei.de\\\/?page_id=81\",\"name\":\"Das Unternehmen - Di Matteo Eisengie\u00dferei\",\"isPartOf\":{\"@id\":\"https:\\\/\\\/www.dimatteo-eisengiesserei.de\\\/#website\"},\"datePublished\":\"2015-01-12T15:39:49+00:00\",\"dateModified\":\"2017-12-02T14:14:44+00:00\",\"description\":\"DI MATTEO Eisengie\u00dferei \u2013 Partner f\u00fcr Maschinenformguss, Handformguss, Maschinenbau, Gussteile f\u00fcr die Pumpen, Kanalguss, Kunstguss und Sonderanfertigungen.\",\"breadcrumb\":{\"@id\":\"https:\\\/\\\/www.dimatteo-eisengiesserei.de\\\/?page_id=81#breadcrumb\"},\"inLanguage\":\"de\",\"potentialAction\":[{\"@type\":\"ReadAction\",\"target\":[\"https:\\\/\\\/www.dimatteo-eisengiesserei.de\\\/?page_id=81\"]}]},{\"@type\":\"BreadcrumbList\",\"@id\":\"https:\\\/\\\/www.dimatteo-eisengiesserei.de\\\/?page_id=81#breadcrumb\",\"itemListElement\":[{\"@type\":\"ListItem\",\"position\":1,\"name\":\"Startseite\",\"item\":\"https:\\\/\\\/www.dimatteo-eisengiesserei.de\\\/\"},{\"@type\":\"ListItem\",\"position\":2,\"name\":\"Unternehmen\"}]},{\"@type\":\"WebSite\",\"@id\":\"https:\\\/\\\/www.dimatteo-eisengiesserei.de\\\/#website\",\"url\":\"https:\\\/\\\/www.dimatteo-eisengiesserei.de\\\/\",\"name\":\"DI MATTEO Eisengie\u00dferei\",\"description\":\"DI MATTEO Eisengie\u00dferei\",\"publisher\":{\"@id\":\"https:\\\/\\\/www.dimatteo-eisengiesserei.de\\\/#organization\"},\"potentialAction\":[{\"@type\":\"SearchAction\",\"target\":{\"@type\":\"EntryPoint\",\"urlTemplate\":\"https:\\\/\\\/www.dimatteo-eisengiesserei.de\\\/?s={search_term_string}\"},\"query-input\":{\"@type\":\"PropertyValueSpecification\",\"valueRequired\":true,\"valueName\":\"search_term_string\"}}],\"inLanguage\":\"de\"},{\"@type\":\"Organization\",\"@id\":\"https:\\\/\\\/www.dimatteo-eisengiesserei.de\\\/#organization\",\"name\":\"DiMatteo Eisengie\u00dferei\",\"url\":\"https:\\\/\\\/www.dimatteo-eisengiesserei.de\\\/\",\"logo\":{\"@type\":\"ImageObject\",\"inLanguage\":\"de\",\"@id\":\"https:\\\/\\\/www.dimatteo-eisengiesserei.de\\\/#\\\/schema\\\/logo\\\/image\\\/\",\"url\":\"https:\\\/\\\/www.dimatteo-eisengiesserei.de\\\/wp-content\\\/uploads\\\/2017\\\/11\\\/matteo-eisengiesserei-logo.png\",\"contentUrl\":\"https:\\\/\\\/www.dimatteo-eisengiesserei.de\\\/wp-content\\\/uploads\\\/2017\\\/11\\\/matteo-eisengiesserei-logo.png\",\"width\":1200,\"height\":62,\"caption\":\"DiMatteo Eisengie\u00dferei\"},\"image\":{\"@id\":\"https:\\\/\\\/www.dimatteo-eisengiesserei.de\\\/#\\\/schema\\\/logo\\\/image\\\/\"}}]}<\/script>\n<!-- \/ Yoast SEO plugin. -->","yoast_head_json":{"title":"Das Unternehmen - Di Matteo Eisengie\u00dferei","description":"DI MATTEO Eisengie\u00dferei \u2013 Partner f\u00fcr Maschinenformguss, Handformguss, Maschinenbau, Gussteile f\u00fcr die Pumpen, Kanalguss, Kunstguss und Sonderanfertigungen.","robots":{"index":"index","follow":"follow","max-snippet":"max-snippet:-1","max-image-preview":"max-image-preview:large","max-video-preview":"max-video-preview:-1"},"canonical":"https:\/\/www.dimatteo-eisengiesserei.de\/?page_id=81","og_locale":"de_DE","og_type":"article","og_title":"Das Unternehmen - Di Matteo Eisengie\u00dferei","og_description":"DI MATTEO Eisengie\u00dferei \u2013 Partner f\u00fcr Maschinenformguss, Handformguss, Maschinenbau, Gussteile f\u00fcr die Pumpen, Kanalguss, Kunstguss und Sonderanfertigungen.","og_url":"https:\/\/www.dimatteo-eisengiesserei.de\/?page_id=81","og_site_name":"DI MATTEO Eisengie\u00dferei","article_modified_time":"2017-12-02T14:14:44+00:00","twitter_card":"summary_large_image","twitter_misc":{"Gesch\u00e4tzte Lesezeit":"2\u00a0Minuten"},"schema":{"@context":"https:\/\/schema.org","@graph":[{"@type":"WebPage","@id":"https:\/\/www.dimatteo-eisengiesserei.de\/?page_id=81","url":"https:\/\/www.dimatteo-eisengiesserei.de\/?page_id=81","name":"Das Unternehmen - Di Matteo Eisengie\u00dferei","isPartOf":{"@id":"https:\/\/www.dimatteo-eisengiesserei.de\/#website"},"datePublished":"2015-01-12T15:39:49+00:00","dateModified":"2017-12-02T14:14:44+00:00","description":"DI MATTEO Eisengie\u00dferei \u2013 Partner f\u00fcr Maschinenformguss, Handformguss, Maschinenbau, Gussteile f\u00fcr die Pumpen, Kanalguss, Kunstguss und Sonderanfertigungen.","breadcrumb":{"@id":"https:\/\/www.dimatteo-eisengiesserei.de\/?page_id=81#breadcrumb"},"inLanguage":"de","potentialAction":[{"@type":"ReadAction","target":["https:\/\/www.dimatteo-eisengiesserei.de\/?page_id=81"]}]},{"@type":"BreadcrumbList","@id":"https:\/\/www.dimatteo-eisengiesserei.de\/?page_id=81#breadcrumb","itemListElement":[{"@type":"ListItem","position":1,"name":"Startseite","item":"https:\/\/www.dimatteo-eisengiesserei.de\/"},{"@type":"ListItem","position":2,"name":"Unternehmen"}]},{"@type":"WebSite","@id":"https:\/\/www.dimatteo-eisengiesserei.de\/#website","url":"https:\/\/www.dimatteo-eisengiesserei.de\/","name":"DI MATTEO Eisengie\u00dferei","description":"DI MATTEO Eisengie\u00dferei","publisher":{"@id":"https:\/\/www.dimatteo-eisengiesserei.de\/#organization"},"potentialAction":[{"@type":"SearchAction","target":{"@type":"EntryPoint","urlTemplate":"https:\/\/www.dimatteo-eisengiesserei.de\/?s={search_term_string}"},"query-input":{"@type":"PropertyValueSpecification","valueRequired":true,"valueName":"search_term_string"}}],"inLanguage":"de"},{"@type":"Organization","@id":"https:\/\/www.dimatteo-eisengiesserei.de\/#organization","name":"DiMatteo Eisengie\u00dferei","url":"https:\/\/www.dimatteo-eisengiesserei.de\/","logo":{"@type":"ImageObject","inLanguage":"de","@id":"https:\/\/www.dimatteo-eisengiesserei.de\/#\/schema\/logo\/image\/","url":"https:\/\/www.dimatteo-eisengiesserei.de\/wp-content\/uploads\/2017\/11\/matteo-eisengiesserei-logo.png","contentUrl":"https:\/\/www.dimatteo-eisengiesserei.de\/wp-content\/uploads\/2017\/11\/matteo-eisengiesserei-logo.png","width":1200,"height":62,"caption":"DiMatteo Eisengie\u00dferei"},"image":{"@id":"https:\/\/www.dimatteo-eisengiesserei.de\/#\/schema\/logo\/image\/"}}]}},"_links":{"self":[{"href":"https:\/\/www.dimatteo-eisengiesserei.de\/index.php?rest_route=\/wp\/v2\/pages\/81","targetHints":{"allow":["GET"]}}],"collection":[{"href":"https:\/\/www.dimatteo-eisengiesserei.de\/index.php?rest_route=\/wp\/v2\/pages"}],"about":[{"href":"https:\/\/www.dimatteo-eisengiesserei.de\/index.php?rest_route=\/wp\/v2\/types\/page"}],"author":[{"embeddable":true,"href":"https:\/\/www.dimatteo-eisengiesserei.de\/index.php?rest_route=\/wp\/v2\/users\/2"}],"replies":[{"embeddable":true,"href":"https:\/\/www.dimatteo-eisengiesserei.de\/index.php?rest_route=%2Fwp%2Fv2%2Fcomments&post=81"}],"version-history":[{"count":2,"href":"https:\/\/www.dimatteo-eisengiesserei.de\/index.php?rest_route=\/wp\/v2\/pages\/81\/revisions"}],"predecessor-version":[{"id":4109,"href":"https:\/\/www.dimatteo-eisengiesserei.de\/index.php?rest_route=\/wp\/v2\/pages\/81\/revisions\/4109"}],"wp:attachment":[{"href":"https:\/\/www.dimatteo-eisengiesserei.de\/index.php?rest_route=%2Fwp%2Fv2%2Fmedia&parent=81"}],"curies":[{"name":"wp","href":"https:\/\/api.w.org\/{rel}","templated":true}]}}