{"id":3952,"date":"2017-09-26T17:04:49","date_gmt":"2017-09-26T15:04:49","guid":{"rendered":"http:\/\/www.jens-henning.de\/?page_id=3952"},"modified":"2017-12-02T15:15:08","modified_gmt":"2017-12-02T14:15:08","slug":"karriere","status":"publish","type":"page","link":"https:\/\/www.dimatteo-eisengiesserei.de\/?page_id=3952","title":{"rendered":"Karriere"},"content":{"rendered":"<p>[vc_row][vc_column][vc_column_text]<a href=\"http:\/\/www.dimatteo-eisengiesserei.de\/homehome\/\">Home<\/a> \u00bb <a href=\"http:\/\/www.dimatteo-eisengiesserei.de\/unternehmen\/\">Unternehmen<\/a> \u00bb Karriere[\/vc_column_text][vc_column_text]<\/p>\n<h1>Karriere und Jobs<\/h1>\n<h2>Verfolgen Sie mit der DI MATTEO Eisengie\u00dferei neue und zukunftsorientierte Wege in der Gie\u00dfereitechnik \u2013 wir freuen uns \u00fcber Ihre Verst\u00e4rkung<\/h2>\n<p>[\/vc_column_text][vc_column_text]Als Unternehmen greifen wir auf jahrzehntelange Erfahrung in der Herstellung und Bearbeitung von Gussteilen f\u00fcr die unterschiedlichsten Branchen zur\u00fcck. Das Fundament unseres Erfolges bilden dabei unsere qualifizierten und motivierten Mitarbeiter.<\/p>\n<p><strong>Professionals<\/strong><br \/>\nQualifizierte und engagierte Mitarbeiter geh\u00f6ren zu den wichtigsten Faktoren f\u00fcr den Unternehmenserfolg, die langfristige Kundenzufriedenheit und f\u00fcr h\u00f6chste Produktqualit\u00e4t. Durch hohe Leistungsbereitschaft, Konzentration und Eigeninitiative unserer Mitarbeiter k\u00f6nnen wir uns den st\u00e4ndig \u00e4ndernden Marktbed\u00fcrfnissen anpassen und uns neuen Herausforderungen unserer Kunden stellen. Als traditionsgebundenes Unternehmen sind uns teamorientiertes Arbeiten, Zusammenhalt und fairer Umgang untereinander sehr wichtig. Um den Erfolg unseres Unternehmens zukunftsorientiert zu sichern und Ihnen weitere Perspektiven zu er\u00f6ffnen, sorgen wir f\u00fcr die berufliche Weiterentwicklung unserer Mitarbeiter und bieten Ihnen zus\u00e4tzlich ein angenehmes Betriebsklima.<br \/>\n[\/vc_column_text][vc_column_text]<\/p>\n<h3>Stellenangebote<\/h3>\n<p>Informieren Sie sich hier \u00fcber aktuelle Stellenangebote der DI MATTEO Eisengie\u00dferei:<\/p>\n<h4>Konventioneller Dreher (m\/w)<\/h4>\n<p>Ihre Aufgaben:<\/p>\n<ul>\n<li>Bedienung konventioneller Drehmaschinen<\/li>\n<li>Arbeiten nach Zeichnungen<\/li>\n<li>\u00dcberpr\u00fcfung von Ma\u00dftoleranzen<\/li>\n<\/ul>\n<p>Ihr Profil:<\/p>\n<ul>\n<li>abgeschlossene Ausbildung zum Dreher (m\/w), Feinwerkmechaniker\/in, Zerspannungsmechaniker\/in oder \u00fcber eine vergleichbare Qualifikation<\/li>\n<li>pers\u00f6nlichen St\u00e4rken: Zuverl\u00e4ssigkeit und Teamf\u00e4higkeit<\/li>\n<li>idealerweise bereits 2-3 Jahre Berufserfahrung in einem Industriebetrieb<\/li>\n<\/ul>\n<p>[\/vc_column_text][vc_column_text]<\/p>\n<h3>Ausbildung<\/h3>\n<p>Durch die Industrie- und Handelskammer wurden wir als Ausbildungsbetrieb zertifiziert und k\u00f6nnen so unsere Kenntnisse in der Ausbildung an euch weitergeben. Junge Menschen k\u00f6nnen hier erlernen, dass Leistung zu Erfolg f\u00fchrt. Nach dem Motto \u201eNachwuchs sichern durch Ausbildung\u201c k\u00f6nnen wir zu Beginn des n\u00e4chsten Ausbildungsjahres den folgenden Ausbildungsplatz anbieten:<\/p>\n<h4>Gie\u00dfereimechaniker\/in<\/h4>\n<p>Der Gie\u00dfereimechaniker f\u00fchrt den gesamten Produktionsablauf aus und fertigt mithilfe eines Models des Gussst\u00fcckes die Gussform an. Nach dem Guss folgt die Reinigung und Nachbehandlung. Die Arbeiten werden durch die Bedienung moderner Maschinen durchgef\u00fchrt. Die hergestellten Gussteile finden sich \u00fcberall in unserem Leben wieder.<\/p>\n<p>Eure Voraussetzungen:<\/p>\n<ul>\n<li>handwerkliches Geschick<\/li>\n<li>technisches Verst\u00e4ndnis<\/li>\n<li>mathematische F\u00e4higkeiten<\/li>\n<li>gute k\u00f6rperliche Kondition<\/li>\n<li>r\u00e4umliches Vorstellungsverm\u00f6gen<\/li>\n<\/ul>\n<p>Wenn ihr Lust auf eine spannende und fundierte Ausbildung habt, dann bewerbt euch einfach mit den \u00fcblichen Unterlagen bei uns.[\/vc_column_text][\/vc_column][\/vc_row][vc_row][vc_column][vc_column_text]<\/p>\n<h3>Mehr \u00fcber DI MATTEO Eisengie\u00dferei<\/h3>\n<p>[\/vc_column_text][vc_wp_custommenu nav_menu=&#8220;6&#8243;][\/vc_column][\/vc_row]<\/p>\n","protected":false},"excerpt":{"rendered":"<p>[vc_row][vc_column][vc_column_text]Home \u00bb Unternehmen \u00bb Karriere[\/vc_column_text][vc_column_text] Karriere und Jobs Verfolgen Sie mit der DI MATTEO Eisengie\u00dferei neue und zukunftsorientierte Wege in der Gie\u00dfereitechnik \u2013 wir freuen uns \u00fcber Ihre Verst\u00e4rkung [\/vc_column_text][vc_column_text]Als Unternehmen greifen wir auf jahrzehntelange Erfahrung in der Herstellung und Bearbeitung von Gussteilen f\u00fcr die unterschiedlichsten Branchen zur\u00fcck. Das Fundament unseres Erfolges bilden dabei unsere [&hellip;]<\/p>\n","protected":false},"author":2,"featured_media":0,"parent":81,"menu_order":0,"comment_status":"closed","ping_status":"closed","template":"","meta":{"footnotes":""},"class_list":["post-3952","page","type-page","status-publish","hentry"],"yoast_head":"<!-- This site is optimized with the Yoast SEO plugin v27.4 - https:\/\/yoast.com\/product\/yoast-seo-wordpress\/ -->\n<title>Karriere - DiMatteo Eisengie\u00dferei<\/title>\n<meta name=\"description\" content=\"Verfolgen Sie mit der DI MATTEO Eisengie\u00dferei neue und zukunftsorientierte Wege in der Gie\u00dfereitechnik \u2013 wir freuen uns \u00fcber Ihre Verst\u00e4rkung.\" \/>\n<meta name=\"robots\" content=\"index, follow, max-snippet:-1, max-image-preview:large, max-video-preview:-1\" \/>\n<link rel=\"canonical\" href=\"https:\/\/www.dimatteo-eisengiesserei.de\/?page_id=3952\" \/>\n<meta property=\"og:locale\" content=\"de_DE\" \/>\n<meta property=\"og:type\" content=\"article\" \/>\n<meta property=\"og:title\" content=\"Karriere - DiMatteo Eisengie\u00dferei\" \/>\n<meta property=\"og:description\" content=\"Verfolgen Sie mit der DI MATTEO Eisengie\u00dferei neue und zukunftsorientierte Wege in der Gie\u00dfereitechnik \u2013 wir freuen uns \u00fcber Ihre Verst\u00e4rkung.\" \/>\n<meta property=\"og:url\" content=\"https:\/\/www.dimatteo-eisengiesserei.de\/?page_id=3952\" \/>\n<meta property=\"og:site_name\" content=\"DI MATTEO Eisengie\u00dferei\" \/>\n<meta property=\"article:modified_time\" content=\"2017-12-02T14:15:08+00:00\" \/>\n<meta name=\"twitter:card\" content=\"summary_large_image\" \/>\n<meta name=\"twitter:label1\" content=\"Gesch\u00e4tzte Lesezeit\" \/>\n\t<meta name=\"twitter:data1\" content=\"2\u00a0Minuten\" \/>\n<script type=\"application\/ld+json\" class=\"yoast-schema-graph\">{\"@context\":\"https:\\\/\\\/schema.org\",\"@graph\":[{\"@type\":\"WebPage\",\"@id\":\"https:\\\/\\\/www.dimatteo-eisengiesserei.de\\\/?page_id=3952\",\"url\":\"https:\\\/\\\/www.dimatteo-eisengiesserei.de\\\/?page_id=3952\",\"name\":\"Karriere - DiMatteo Eisengie\u00dferei\",\"isPartOf\":{\"@id\":\"https:\\\/\\\/www.dimatteo-eisengiesserei.de\\\/#website\"},\"datePublished\":\"2017-09-26T15:04:49+00:00\",\"dateModified\":\"2017-12-02T14:15:08+00:00\",\"description\":\"Verfolgen Sie mit der DI MATTEO Eisengie\u00dferei neue und zukunftsorientierte Wege in der Gie\u00dfereitechnik \u2013 wir freuen uns \u00fcber Ihre Verst\u00e4rkung.\",\"breadcrumb\":{\"@id\":\"https:\\\/\\\/www.dimatteo-eisengiesserei.de\\\/?page_id=3952#breadcrumb\"},\"inLanguage\":\"de\",\"potentialAction\":[{\"@type\":\"ReadAction\",\"target\":[\"https:\\\/\\\/www.dimatteo-eisengiesserei.de\\\/?page_id=3952\"]}]},{\"@type\":\"BreadcrumbList\",\"@id\":\"https:\\\/\\\/www.dimatteo-eisengiesserei.de\\\/?page_id=3952#breadcrumb\",\"itemListElement\":[{\"@type\":\"ListItem\",\"position\":1,\"name\":\"Startseite\",\"item\":\"https:\\\/\\\/www.dimatteo-eisengiesserei.de\\\/\"},{\"@type\":\"ListItem\",\"position\":2,\"name\":\"Unternehmen\",\"item\":\"https:\\\/\\\/www.dimatteo-eisengiesserei.de\\\/?page_id=81\"},{\"@type\":\"ListItem\",\"position\":3,\"name\":\"Karriere\"}]},{\"@type\":\"WebSite\",\"@id\":\"https:\\\/\\\/www.dimatteo-eisengiesserei.de\\\/#website\",\"url\":\"https:\\\/\\\/www.dimatteo-eisengiesserei.de\\\/\",\"name\":\"DI MATTEO Eisengie\u00dferei\",\"description\":\"DI MATTEO Eisengie\u00dferei\",\"publisher\":{\"@id\":\"https:\\\/\\\/www.dimatteo-eisengiesserei.de\\\/#organization\"},\"potentialAction\":[{\"@type\":\"SearchAction\",\"target\":{\"@type\":\"EntryPoint\",\"urlTemplate\":\"https:\\\/\\\/www.dimatteo-eisengiesserei.de\\\/?s={search_term_string}\"},\"query-input\":{\"@type\":\"PropertyValueSpecification\",\"valueRequired\":true,\"valueName\":\"search_term_string\"}}],\"inLanguage\":\"de\"},{\"@type\":\"Organization\",\"@id\":\"https:\\\/\\\/www.dimatteo-eisengiesserei.de\\\/#organization\",\"name\":\"DiMatteo Eisengie\u00dferei\",\"url\":\"https:\\\/\\\/www.dimatteo-eisengiesserei.de\\\/\",\"logo\":{\"@type\":\"ImageObject\",\"inLanguage\":\"de\",\"@id\":\"https:\\\/\\\/www.dimatteo-eisengiesserei.de\\\/#\\\/schema\\\/logo\\\/image\\\/\",\"url\":\"https:\\\/\\\/www.dimatteo-eisengiesserei.de\\\/wp-content\\\/uploads\\\/2017\\\/11\\\/matteo-eisengiesserei-logo.png\",\"contentUrl\":\"https:\\\/\\\/www.dimatteo-eisengiesserei.de\\\/wp-content\\\/uploads\\\/2017\\\/11\\\/matteo-eisengiesserei-logo.png\",\"width\":1200,\"height\":62,\"caption\":\"DiMatteo Eisengie\u00dferei\"},\"image\":{\"@id\":\"https:\\\/\\\/www.dimatteo-eisengiesserei.de\\\/#\\\/schema\\\/logo\\\/image\\\/\"}}]}<\/script>\n<!-- \/ Yoast SEO plugin. -->","yoast_head_json":{"title":"Karriere - DiMatteo Eisengie\u00dferei","description":"Verfolgen Sie mit der DI MATTEO Eisengie\u00dferei neue und zukunftsorientierte Wege in der Gie\u00dfereitechnik \u2013 wir freuen uns \u00fcber Ihre Verst\u00e4rkung.","robots":{"index":"index","follow":"follow","max-snippet":"max-snippet:-1","max-image-preview":"max-image-preview:large","max-video-preview":"max-video-preview:-1"},"canonical":"https:\/\/www.dimatteo-eisengiesserei.de\/?page_id=3952","og_locale":"de_DE","og_type":"article","og_title":"Karriere - DiMatteo Eisengie\u00dferei","og_description":"Verfolgen Sie mit der DI MATTEO Eisengie\u00dferei neue und zukunftsorientierte Wege in der Gie\u00dfereitechnik \u2013 wir freuen uns \u00fcber Ihre Verst\u00e4rkung.","og_url":"https:\/\/www.dimatteo-eisengiesserei.de\/?page_id=3952","og_site_name":"DI MATTEO Eisengie\u00dferei","article_modified_time":"2017-12-02T14:15:08+00:00","twitter_card":"summary_large_image","twitter_misc":{"Gesch\u00e4tzte Lesezeit":"2\u00a0Minuten"},"schema":{"@context":"https:\/\/schema.org","@graph":[{"@type":"WebPage","@id":"https:\/\/www.dimatteo-eisengiesserei.de\/?page_id=3952","url":"https:\/\/www.dimatteo-eisengiesserei.de\/?page_id=3952","name":"Karriere - DiMatteo Eisengie\u00dferei","isPartOf":{"@id":"https:\/\/www.dimatteo-eisengiesserei.de\/#website"},"datePublished":"2017-09-26T15:04:49+00:00","dateModified":"2017-12-02T14:15:08+00:00","description":"Verfolgen Sie mit der DI MATTEO Eisengie\u00dferei neue und zukunftsorientierte Wege in der Gie\u00dfereitechnik \u2013 wir freuen uns \u00fcber Ihre Verst\u00e4rkung.","breadcrumb":{"@id":"https:\/\/www.dimatteo-eisengiesserei.de\/?page_id=3952#breadcrumb"},"inLanguage":"de","potentialAction":[{"@type":"ReadAction","target":["https:\/\/www.dimatteo-eisengiesserei.de\/?page_id=3952"]}]},{"@type":"BreadcrumbList","@id":"https:\/\/www.dimatteo-eisengiesserei.de\/?page_id=3952#breadcrumb","itemListElement":[{"@type":"ListItem","position":1,"name":"Startseite","item":"https:\/\/www.dimatteo-eisengiesserei.de\/"},{"@type":"ListItem","position":2,"name":"Unternehmen","item":"https:\/\/www.dimatteo-eisengiesserei.de\/?page_id=81"},{"@type":"ListItem","position":3,"name":"Karriere"}]},{"@type":"WebSite","@id":"https:\/\/www.dimatteo-eisengiesserei.de\/#website","url":"https:\/\/www.dimatteo-eisengiesserei.de\/","name":"DI MATTEO Eisengie\u00dferei","description":"DI MATTEO Eisengie\u00dferei","publisher":{"@id":"https:\/\/www.dimatteo-eisengiesserei.de\/#organization"},"potentialAction":[{"@type":"SearchAction","target":{"@type":"EntryPoint","urlTemplate":"https:\/\/www.dimatteo-eisengiesserei.de\/?s={search_term_string}"},"query-input":{"@type":"PropertyValueSpecification","valueRequired":true,"valueName":"search_term_string"}}],"inLanguage":"de"},{"@type":"Organization","@id":"https:\/\/www.dimatteo-eisengiesserei.de\/#organization","name":"DiMatteo Eisengie\u00dferei","url":"https:\/\/www.dimatteo-eisengiesserei.de\/","logo":{"@type":"ImageObject","inLanguage":"de","@id":"https:\/\/www.dimatteo-eisengiesserei.de\/#\/schema\/logo\/image\/","url":"https:\/\/www.dimatteo-eisengiesserei.de\/wp-content\/uploads\/2017\/11\/matteo-eisengiesserei-logo.png","contentUrl":"https:\/\/www.dimatteo-eisengiesserei.de\/wp-content\/uploads\/2017\/11\/matteo-eisengiesserei-logo.png","width":1200,"height":62,"caption":"DiMatteo Eisengie\u00dferei"},"image":{"@id":"https:\/\/www.dimatteo-eisengiesserei.de\/#\/schema\/logo\/image\/"}}]}},"_links":{"self":[{"href":"https:\/\/www.dimatteo-eisengiesserei.de\/index.php?rest_route=\/wp\/v2\/pages\/3952","targetHints":{"allow":["GET"]}}],"collection":[{"href":"https:\/\/www.dimatteo-eisengiesserei.de\/index.php?rest_route=\/wp\/v2\/pages"}],"about":[{"href":"https:\/\/www.dimatteo-eisengiesserei.de\/index.php?rest_route=\/wp\/v2\/types\/page"}],"author":[{"embeddable":true,"href":"https:\/\/www.dimatteo-eisengiesserei.de\/index.php?rest_route=\/wp\/v2\/users\/2"}],"replies":[{"embeddable":true,"href":"https:\/\/www.dimatteo-eisengiesserei.de\/index.php?rest_route=%2Fwp%2Fv2%2Fcomments&post=3952"}],"version-history":[{"count":1,"href":"https:\/\/www.dimatteo-eisengiesserei.de\/index.php?rest_route=\/wp\/v2\/pages\/3952\/revisions"}],"predecessor-version":[{"id":4111,"href":"https:\/\/www.dimatteo-eisengiesserei.de\/index.php?rest_route=\/wp\/v2\/pages\/3952\/revisions\/4111"}],"up":[{"embeddable":true,"href":"https:\/\/www.dimatteo-eisengiesserei.de\/index.php?rest_route=\/wp\/v2\/pages\/81"}],"wp:attachment":[{"href":"https:\/\/www.dimatteo-eisengiesserei.de\/index.php?rest_route=%2Fwp%2Fv2%2Fmedia&parent=3952"}],"curies":[{"name":"wp","href":"https:\/\/api.w.org\/{rel}","templated":true}]}}