{"id":3950,"date":"2017-09-26T17:04:33","date_gmt":"2017-09-26T15:04:33","guid":{"rendered":"http:\/\/www.jens-henning.de\/?page_id=3950"},"modified":"2017-12-02T15:15:39","modified_gmt":"2017-12-02T14:15:39","slug":"philosophie","status":"publish","type":"page","link":"https:\/\/www.dimatteo-eisengiesserei.de\/?page_id=3950","title":{"rendered":"Philosophie"},"content":{"rendered":"<p>[vc_row][vc_column][vc_column_text]<a href=\"http:\/\/www.dimatteo-eisengiesserei.de\/homehome\/\">Home<\/a> \u00bb <a href=\"http:\/\/www.dimatteo-eisengiesserei.de\/unternehmen\/\">Unternehmen<\/a> \u00bb Philosophie[\/vc_column_text][vc_column_text]<\/p>\n<h1>Philosophie<\/h1>\n<h2>Das Leitbild der DI MATTEO Eisengie\u00dferei: zufriedene Kunden, hochwertige Produkte, umweltschonende Fertigung, kompetente Mitarbeiter \u2013 der richtige Guss aus allen Elementen bringt unser Unternehmen zum Erfolg<\/h2>\n<p>[\/vc_column_text][vc_column_text]Die DI MATTEO Eisengie\u00dferei GmbH, ans\u00e4ssig in Dingelst\u00e4dt \u2013 eine Kleinstadt mit mehr als 4.500 Einwohnern \u2013 befindet sich im Eichsfeld im nordwestlichen Th\u00fcringen, zwischen dem Harz und der Werra gelegen.<\/p>\n<p>In dieser historischen Landschaft arbeitet unser Unternehmen mit ausgew\u00e4hlten Gesch\u00e4ftspartnern aus der Region zusammen und st\u00e4rkt somit nicht nur die regionale Wirtschaft, sondern versichert sich durch regelm\u00e4\u00dfigen Kontakt ebenso von einer hohen Qualit\u00e4t. Dies ist uns sehr wichtig, da wir hochwertige Produkte an unsere Kunden weitergeben m\u00f6chten.<\/p>\n<p>Bei der Umsetzung vom Modell bis hin zum fertigen Gussteil setzten wir uns klare Ziele. Wir gehen stets allen Kundenanforderungen nach, um diese umzusetzen oder weiterzuentwickeln. Dabei achten wir auf eine nachhaltige, umweltvertr\u00e4gliche und ressourcenschonende Arbeitsweise.<\/p>\n<p>Ein gelungenes Ganzes kann jedoch nur durch funktionierende Teamarbeit entstehen. Wir z\u00e4hlen auf kompetente, motivierte und ideenreiche Mitarbeiter, die unsere Produkte kundenorientiert fertigen und Ihnen w\u00e4hrend eines Projektes, sowie auch nach Auftragsabschluss, jederzeit als zuverl\u00e4ssiger Ansprechpartner zur Verf\u00fcgung stehen.<\/p>\n<p>Problemsituationen und wandelnde Marktbedingungen sind f\u00fcr uns kein Grund das Gusseisen aus der Hand zu legen. Wir nutzten diese Gelegenheiten um an uns zu arbeiten und uns stets weiterzuentwickeln. Durch Investitionen in unsere Fertigungs- und Produktionsanlagen k\u00f6nnen wir uns zeitgem\u00e4\u00df anpassen und unsere Marktposition stetig weiterzubauen.<\/p>\n<p>[\/vc_column_text][vc_column_text]<\/p>\n<h3>Unsere Leitlinien:<\/h3>\n<ul>\n<li>wir unterst\u00fctzen unsere Kunden mit ma\u00dfgeschneiderten und innovativen L\u00f6sungen bei Ihrer Zielerreichung<\/li>\n<li>stetige Verf\u00fcgbarkeit f\u00fcr unsere Kunden<\/li>\n<li>Produkte in h\u00f6chster Qualit\u00e4t und Arbeitssicherheit sind oberste Ziele<\/li>\n<li>Teamarbeit mit offener Kommunikation ist uns wichtig, sowohl intern als auch mit unseren Kunden und Lieferanten<\/li>\n<li>vorrausschauendes und umweltbewusstes Arbeiten sind bei uns an der Tagesordnung<\/li>\n<li>wir sind immer auf der Suche nach neuen Herausforderungen um uns weiterzuentwickeln<\/li>\n<\/ul>\n<p>[\/vc_column_text][\/vc_column][\/vc_row][vc_row][vc_column][vc_column_text]<\/p>\n<h3>Mehr \u00fcber DI MATTEO Eisengie\u00dferei<\/h3>\n<p>[\/vc_column_text][vc_wp_custommenu nav_menu=&#8220;6&#8243;][\/vc_column][\/vc_row]<\/p>\n","protected":false},"excerpt":{"rendered":"<p>[vc_row][vc_column][vc_column_text]Home \u00bb Unternehmen \u00bb Philosophie[\/vc_column_text][vc_column_text] Philosophie Das Leitbild der DI MATTEO Eisengie\u00dferei: zufriedene Kunden, hochwertige Produkte, umweltschonende Fertigung, kompetente Mitarbeiter \u2013 der richtige Guss aus allen Elementen bringt unser Unternehmen zum Erfolg [\/vc_column_text][vc_column_text]Die DI MATTEO Eisengie\u00dferei GmbH, ans\u00e4ssig in Dingelst\u00e4dt \u2013 eine Kleinstadt mit mehr als 4.500 Einwohnern \u2013 befindet sich im Eichsfeld im nordwestlichen [&hellip;]<\/p>\n","protected":false},"author":2,"featured_media":0,"parent":81,"menu_order":0,"comment_status":"closed","ping_status":"closed","template":"","meta":{"footnotes":""},"class_list":["post-3950","page","type-page","status-publish","hentry"],"yoast_head":"<!-- This site is optimized with the Yoast SEO plugin v27.5 - https:\/\/yoast.com\/product\/yoast-seo-wordpress\/ -->\n<title>Philosophie - Di Matteo Eisengie\u00dferei<\/title>\n<meta name=\"description\" content=\"Das Leitbild der DI MATTEO Eisengie\u00dferei: zufriedene Kunden, hochwertige Produkte, umweltschonende Fertigung, kompetente Mitarbeiter.\" \/>\n<meta name=\"robots\" content=\"index, follow, max-snippet:-1, max-image-preview:large, max-video-preview:-1\" \/>\n<link rel=\"canonical\" href=\"https:\/\/www.dimatteo-eisengiesserei.de\/?page_id=3950\" \/>\n<meta property=\"og:locale\" content=\"de_DE\" \/>\n<meta property=\"og:type\" content=\"article\" \/>\n<meta property=\"og:title\" content=\"Philosophie - Di Matteo Eisengie\u00dferei\" \/>\n<meta property=\"og:description\" content=\"Das Leitbild der DI MATTEO Eisengie\u00dferei: zufriedene Kunden, hochwertige Produkte, umweltschonende Fertigung, kompetente Mitarbeiter.\" \/>\n<meta property=\"og:url\" content=\"https:\/\/www.dimatteo-eisengiesserei.de\/?page_id=3950\" \/>\n<meta property=\"og:site_name\" content=\"DI MATTEO Eisengie\u00dferei\" \/>\n<meta property=\"article:modified_time\" content=\"2017-12-02T14:15:39+00:00\" \/>\n<meta name=\"twitter:card\" content=\"summary_large_image\" \/>\n<meta name=\"twitter:label1\" content=\"Gesch\u00e4tzte Lesezeit\" \/>\n\t<meta name=\"twitter:data1\" content=\"2\u00a0Minuten\" \/>\n<script type=\"application\/ld+json\" class=\"yoast-schema-graph\">{\"@context\":\"https:\\\/\\\/schema.org\",\"@graph\":[{\"@type\":\"WebPage\",\"@id\":\"https:\\\/\\\/www.dimatteo-eisengiesserei.de\\\/?page_id=3950\",\"url\":\"https:\\\/\\\/www.dimatteo-eisengiesserei.de\\\/?page_id=3950\",\"name\":\"Philosophie - Di Matteo Eisengie\u00dferei\",\"isPartOf\":{\"@id\":\"https:\\\/\\\/www.dimatteo-eisengiesserei.de\\\/#website\"},\"datePublished\":\"2017-09-26T15:04:33+00:00\",\"dateModified\":\"2017-12-02T14:15:39+00:00\",\"description\":\"Das Leitbild der DI MATTEO Eisengie\u00dferei: zufriedene Kunden, hochwertige Produkte, umweltschonende Fertigung, kompetente Mitarbeiter.\",\"breadcrumb\":{\"@id\":\"https:\\\/\\\/www.dimatteo-eisengiesserei.de\\\/?page_id=3950#breadcrumb\"},\"inLanguage\":\"de\",\"potentialAction\":[{\"@type\":\"ReadAction\",\"target\":[\"https:\\\/\\\/www.dimatteo-eisengiesserei.de\\\/?page_id=3950\"]}]},{\"@type\":\"BreadcrumbList\",\"@id\":\"https:\\\/\\\/www.dimatteo-eisengiesserei.de\\\/?page_id=3950#breadcrumb\",\"itemListElement\":[{\"@type\":\"ListItem\",\"position\":1,\"name\":\"Startseite\",\"item\":\"https:\\\/\\\/www.dimatteo-eisengiesserei.de\\\/\"},{\"@type\":\"ListItem\",\"position\":2,\"name\":\"Unternehmen\",\"item\":\"https:\\\/\\\/www.dimatteo-eisengiesserei.de\\\/?page_id=81\"},{\"@type\":\"ListItem\",\"position\":3,\"name\":\"Philosophie\"}]},{\"@type\":\"WebSite\",\"@id\":\"https:\\\/\\\/www.dimatteo-eisengiesserei.de\\\/#website\",\"url\":\"https:\\\/\\\/www.dimatteo-eisengiesserei.de\\\/\",\"name\":\"DI MATTEO Eisengie\u00dferei\",\"description\":\"DI MATTEO Eisengie\u00dferei\",\"publisher\":{\"@id\":\"https:\\\/\\\/www.dimatteo-eisengiesserei.de\\\/#organization\"},\"potentialAction\":[{\"@type\":\"SearchAction\",\"target\":{\"@type\":\"EntryPoint\",\"urlTemplate\":\"https:\\\/\\\/www.dimatteo-eisengiesserei.de\\\/?s={search_term_string}\"},\"query-input\":{\"@type\":\"PropertyValueSpecification\",\"valueRequired\":true,\"valueName\":\"search_term_string\"}}],\"inLanguage\":\"de\"},{\"@type\":\"Organization\",\"@id\":\"https:\\\/\\\/www.dimatteo-eisengiesserei.de\\\/#organization\",\"name\":\"DiMatteo Eisengie\u00dferei\",\"url\":\"https:\\\/\\\/www.dimatteo-eisengiesserei.de\\\/\",\"logo\":{\"@type\":\"ImageObject\",\"inLanguage\":\"de\",\"@id\":\"https:\\\/\\\/www.dimatteo-eisengiesserei.de\\\/#\\\/schema\\\/logo\\\/image\\\/\",\"url\":\"https:\\\/\\\/www.dimatteo-eisengiesserei.de\\\/wp-content\\\/uploads\\\/2017\\\/11\\\/matteo-eisengiesserei-logo.png\",\"contentUrl\":\"https:\\\/\\\/www.dimatteo-eisengiesserei.de\\\/wp-content\\\/uploads\\\/2017\\\/11\\\/matteo-eisengiesserei-logo.png\",\"width\":1200,\"height\":62,\"caption\":\"DiMatteo Eisengie\u00dferei\"},\"image\":{\"@id\":\"https:\\\/\\\/www.dimatteo-eisengiesserei.de\\\/#\\\/schema\\\/logo\\\/image\\\/\"}}]}<\/script>\n<!-- \/ Yoast SEO plugin. -->","yoast_head_json":{"title":"Philosophie - Di Matteo Eisengie\u00dferei","description":"Das Leitbild der DI MATTEO Eisengie\u00dferei: zufriedene Kunden, hochwertige Produkte, umweltschonende Fertigung, kompetente Mitarbeiter.","robots":{"index":"index","follow":"follow","max-snippet":"max-snippet:-1","max-image-preview":"max-image-preview:large","max-video-preview":"max-video-preview:-1"},"canonical":"https:\/\/www.dimatteo-eisengiesserei.de\/?page_id=3950","og_locale":"de_DE","og_type":"article","og_title":"Philosophie - Di Matteo Eisengie\u00dferei","og_description":"Das Leitbild der DI MATTEO Eisengie\u00dferei: zufriedene Kunden, hochwertige Produkte, umweltschonende Fertigung, kompetente Mitarbeiter.","og_url":"https:\/\/www.dimatteo-eisengiesserei.de\/?page_id=3950","og_site_name":"DI MATTEO Eisengie\u00dferei","article_modified_time":"2017-12-02T14:15:39+00:00","twitter_card":"summary_large_image","twitter_misc":{"Gesch\u00e4tzte Lesezeit":"2\u00a0Minuten"},"schema":{"@context":"https:\/\/schema.org","@graph":[{"@type":"WebPage","@id":"https:\/\/www.dimatteo-eisengiesserei.de\/?page_id=3950","url":"https:\/\/www.dimatteo-eisengiesserei.de\/?page_id=3950","name":"Philosophie - Di Matteo Eisengie\u00dferei","isPartOf":{"@id":"https:\/\/www.dimatteo-eisengiesserei.de\/#website"},"datePublished":"2017-09-26T15:04:33+00:00","dateModified":"2017-12-02T14:15:39+00:00","description":"Das Leitbild der DI MATTEO Eisengie\u00dferei: zufriedene Kunden, hochwertige Produkte, umweltschonende Fertigung, kompetente Mitarbeiter.","breadcrumb":{"@id":"https:\/\/www.dimatteo-eisengiesserei.de\/?page_id=3950#breadcrumb"},"inLanguage":"de","potentialAction":[{"@type":"ReadAction","target":["https:\/\/www.dimatteo-eisengiesserei.de\/?page_id=3950"]}]},{"@type":"BreadcrumbList","@id":"https:\/\/www.dimatteo-eisengiesserei.de\/?page_id=3950#breadcrumb","itemListElement":[{"@type":"ListItem","position":1,"name":"Startseite","item":"https:\/\/www.dimatteo-eisengiesserei.de\/"},{"@type":"ListItem","position":2,"name":"Unternehmen","item":"https:\/\/www.dimatteo-eisengiesserei.de\/?page_id=81"},{"@type":"ListItem","position":3,"name":"Philosophie"}]},{"@type":"WebSite","@id":"https:\/\/www.dimatteo-eisengiesserei.de\/#website","url":"https:\/\/www.dimatteo-eisengiesserei.de\/","name":"DI MATTEO Eisengie\u00dferei","description":"DI MATTEO Eisengie\u00dferei","publisher":{"@id":"https:\/\/www.dimatteo-eisengiesserei.de\/#organization"},"potentialAction":[{"@type":"SearchAction","target":{"@type":"EntryPoint","urlTemplate":"https:\/\/www.dimatteo-eisengiesserei.de\/?s={search_term_string}"},"query-input":{"@type":"PropertyValueSpecification","valueRequired":true,"valueName":"search_term_string"}}],"inLanguage":"de"},{"@type":"Organization","@id":"https:\/\/www.dimatteo-eisengiesserei.de\/#organization","name":"DiMatteo Eisengie\u00dferei","url":"https:\/\/www.dimatteo-eisengiesserei.de\/","logo":{"@type":"ImageObject","inLanguage":"de","@id":"https:\/\/www.dimatteo-eisengiesserei.de\/#\/schema\/logo\/image\/","url":"https:\/\/www.dimatteo-eisengiesserei.de\/wp-content\/uploads\/2017\/11\/matteo-eisengiesserei-logo.png","contentUrl":"https:\/\/www.dimatteo-eisengiesserei.de\/wp-content\/uploads\/2017\/11\/matteo-eisengiesserei-logo.png","width":1200,"height":62,"caption":"DiMatteo Eisengie\u00dferei"},"image":{"@id":"https:\/\/www.dimatteo-eisengiesserei.de\/#\/schema\/logo\/image\/"}}]}},"_links":{"self":[{"href":"https:\/\/www.dimatteo-eisengiesserei.de\/index.php?rest_route=\/wp\/v2\/pages\/3950","targetHints":{"allow":["GET"]}}],"collection":[{"href":"https:\/\/www.dimatteo-eisengiesserei.de\/index.php?rest_route=\/wp\/v2\/pages"}],"about":[{"href":"https:\/\/www.dimatteo-eisengiesserei.de\/index.php?rest_route=\/wp\/v2\/types\/page"}],"author":[{"embeddable":true,"href":"https:\/\/www.dimatteo-eisengiesserei.de\/index.php?rest_route=\/wp\/v2\/users\/2"}],"replies":[{"embeddable":true,"href":"https:\/\/www.dimatteo-eisengiesserei.de\/index.php?rest_route=%2Fwp%2Fv2%2Fcomments&post=3950"}],"version-history":[{"count":1,"href":"https:\/\/www.dimatteo-eisengiesserei.de\/index.php?rest_route=\/wp\/v2\/pages\/3950\/revisions"}],"predecessor-version":[{"id":4110,"href":"https:\/\/www.dimatteo-eisengiesserei.de\/index.php?rest_route=\/wp\/v2\/pages\/3950\/revisions\/4110"}],"up":[{"embeddable":true,"href":"https:\/\/www.dimatteo-eisengiesserei.de\/index.php?rest_route=\/wp\/v2\/pages\/81"}],"wp:attachment":[{"href":"https:\/\/www.dimatteo-eisengiesserei.de\/index.php?rest_route=%2Fwp%2Fv2%2Fmedia&parent=3950"}],"curies":[{"name":"wp","href":"https:\/\/api.w.org\/{rel}","templated":true}]}}