{"id":3948,"date":"2017-09-26T17:03:58","date_gmt":"2017-09-26T15:03:58","guid":{"rendered":"http:\/\/www.jens-henning.de\/?page_id=3948"},"modified":"2017-12-02T15:13:43","modified_gmt":"2017-12-02T14:13:43","slug":"oberflaechenbehandlung","status":"publish","type":"page","link":"https:\/\/www.dimatteo-eisengiesserei.de\/?page_id=3948","title":{"rendered":"Oberfl\u00e4chenbehandlung"},"content":{"rendered":"<p>[vc_row][vc_column][vc_column_text]<a href=\"http:\/\/www.dimatteo-eisengiesserei.de\/homehome\/\">Home<\/a> \u00bb <a href=\"http:\/\/www.dimatteo-eisengiesserei.de\/leistungen\/\">Leistungen<\/a> \u00bb Oberfl\u00e4chenbehandlung[\/vc_column_text][vc_column_text]<\/p>\n<h1>Oberfl\u00e4chenbehandlung<\/h1>\n<h2>Die Oberfl\u00e4chenbehandlung ist ein wichtiger Schritt f\u00fcr ein einwandfreies Endprodukt. Vom Strahlen \u00fcber die W\u00e4rmebehandlung bis hin zu Lackierungen und Beschichtungen k\u00f6nnen wir alles f\u00fcr Sie realisieren<\/h2>\n<p>Je nach Einsatzgebiet und dessen Anforderungen sollten Ihre Gussteile verschiedene Oberfl\u00e4chenbehandlungen erhalten. Gerne beraten wir Sie bei der Auswahl der richtigen Grundierungen, Lackierungen, Passivierungen und\/oder Veredelungen f\u00fcr Ihr Einsatzgebiet und w\u00e4hlen unter Ber\u00fccksichtigung Ihrer W\u00fcnsche das passende Verfahren aus. Auch die Umsetzung k\u00f6nnen Sie komplett in unsere H\u00e4nde geben.[\/vc_column_text][vc_column_text]<\/p>\n<h3>Putzen \/ Strahlen<\/h3>\n<p>In unserer hausinternen Putzerei werden sowohl der \u00fcbersch\u00fcssige Form- und Kernsand, als auch der Grad, welcher beim Gie\u00dfen entsteht, mittels Schleifblock und Druckluftschleifer (luftbetriebene Flex) kundengerecht entfernt.<\/p>\n<p>Oftmals ist erst nach dem Strahlen und Putzen eines Gussteils erkennbar, ob das Teil vollkommen in Ordnung ist. Da die DI MATTEO Eisengie\u00dferei \u00fcber ein eigenes Strahlgebl\u00e4se verf\u00fcgt, kann das Gussteil vor dem Lackieren nochmals von uns \u00fcberpr\u00fcft und ggf. erneut behandelt werden. Mit unserem Strahlgebl\u00e4se k\u00f6nnen Teile bis zu einem Durchmesser von 1,10m gestrahlt und dessen Oberfl\u00e4chenqualit\u00e4t optimiert werden.<br \/>\n[\/vc_column_text][vc_column_text]<\/p>\n<h3>W\u00e4rmebehandlung \/ Gl\u00fchen<\/h3>\n<p>Die richtige Wahl der W\u00e4rmebehandlung und die Technik der Durchf\u00fchrung entscheiden \u00fcber die endg\u00fcltigen Eigenschaften des fertigen Gussteils. Um unseren Kunden eine optimale Oberfl\u00e4chenbehandlung zu erm\u00f6glichen, arbeiten wir im regionalen Raum mit ausgew\u00e4hlten H\u00e4rtereien zusammen, welche die verschiedenen Methoden der W\u00e4rmebehandlung tagt\u00e4glich anwenden:<\/p>\n<ul>\n<li>H\u00e4rten, f\u00fcr gr\u00f6\u00dfere mechanische Widerstandskraft<\/li>\n<li>Normalgl\u00fchen, f\u00fcr eine gleichm\u00e4\u00dfige Kornstruktur<\/li>\n<li>Spannungsarmgl\u00fchen, um die Eigenspannung zu verringern<\/li>\n<li>Weichgl\u00fchen, f\u00fcr einen m\u00f6glichst weichen Zustand<\/li>\n<li>Ferritgl\u00fchen, f\u00fcr eine deutliche Absenkung der H\u00e4rte<\/li>\n<li>Perlitgl\u00fchen, zur Verbesserung der Festigkeitseigenschaften<\/li>\n<\/ul>\n<p>Verlassen Sie sich auf einen reibungslosen Ablauf mit den von uns stetig gepr\u00fcften Partnern.<br \/>\n[\/vc_column_text][vc_column_text]<\/p>\n<h3>Grundierung \/ Lackierung \/ Passivierung \/ Veredelung<\/h3>\n<p>Um die Oberfl\u00e4cheneigenschaften Ihrer Gusskomponenten sichtlich zu verbessern, k\u00f6nnen in unserer Farbgebungs- \/ Lackierkabine Grundierungen und Lackierungen im Nassverfahren vorgenommen werden. Je nach Kundenwunsch leiten wir auch gerne Passivierungen und Veredelungen f\u00fcr Sie in die Wege. Hierf\u00fcr arbeiten wir eng mit ausgew\u00e4hlten Partnern der Region zusammen.[\/vc_column_text][\/vc_column][\/vc_row][vc_row][vc_column][vc_column_text]<\/p>\n<h3>Unsere Leistungen<\/h3>\n<p>[\/vc_column_text][vc_wp_custommenu nav_menu=&#8220;4&#8243;][\/vc_column][\/vc_row]<\/p>\n","protected":false},"excerpt":{"rendered":"<p>[vc_row][vc_column][vc_column_text]Home \u00bb Leistungen \u00bb Oberfl\u00e4chenbehandlung[\/vc_column_text][vc_column_text] Oberfl\u00e4chenbehandlung Die Oberfl\u00e4chenbehandlung ist ein wichtiger Schritt f\u00fcr ein einwandfreies Endprodukt. Vom Strahlen \u00fcber die W\u00e4rmebehandlung bis hin zu Lackierungen und Beschichtungen k\u00f6nnen wir alles f\u00fcr Sie realisieren Je nach Einsatzgebiet und dessen Anforderungen sollten Ihre Gussteile verschiedene Oberfl\u00e4chenbehandlungen erhalten. Gerne beraten wir Sie bei der Auswahl der richtigen Grundierungen, [&hellip;]<\/p>\n","protected":false},"author":2,"featured_media":0,"parent":1593,"menu_order":0,"comment_status":"closed","ping_status":"closed","template":"","meta":{"footnotes":""},"class_list":["post-3948","page","type-page","status-publish","hentry"],"yoast_head":"<!-- This site is optimized with the Yoast SEO plugin v27.4 - https:\/\/yoast.com\/product\/yoast-seo-wordpress\/ -->\n<title>Oberfl\u00e4chenbehandlung - Di Matteo Eisengie\u00dferei<\/title>\n<meta name=\"description\" content=\"Die Oberfl\u00e4chenbehandlung f\u00fcr ein einwandfreies Endprodukt. Strahlen und W\u00e4rmebehandlung bis hin zu Lackierungen und Beschichtungen ...\" \/>\n<meta name=\"robots\" content=\"index, follow, max-snippet:-1, max-image-preview:large, max-video-preview:-1\" \/>\n<link rel=\"canonical\" href=\"https:\/\/www.dimatteo-eisengiesserei.de\/?page_id=3948\" \/>\n<meta property=\"og:locale\" content=\"de_DE\" \/>\n<meta property=\"og:type\" content=\"article\" \/>\n<meta property=\"og:title\" content=\"Oberfl\u00e4chenbehandlung - Di Matteo Eisengie\u00dferei\" \/>\n<meta property=\"og:description\" content=\"Die Oberfl\u00e4chenbehandlung f\u00fcr ein einwandfreies Endprodukt. Strahlen und W\u00e4rmebehandlung bis hin zu Lackierungen und Beschichtungen ...\" \/>\n<meta property=\"og:url\" content=\"https:\/\/www.dimatteo-eisengiesserei.de\/?page_id=3948\" \/>\n<meta property=\"og:site_name\" content=\"DI MATTEO Eisengie\u00dferei\" \/>\n<meta property=\"article:modified_time\" content=\"2017-12-02T14:13:43+00:00\" \/>\n<meta name=\"twitter:card\" content=\"summary_large_image\" \/>\n<meta name=\"twitter:label1\" content=\"Gesch\u00e4tzte Lesezeit\" \/>\n\t<meta name=\"twitter:data1\" content=\"2\u00a0Minuten\" \/>\n<script type=\"application\/ld+json\" class=\"yoast-schema-graph\">{\"@context\":\"https:\\\/\\\/schema.org\",\"@graph\":[{\"@type\":\"WebPage\",\"@id\":\"https:\\\/\\\/www.dimatteo-eisengiesserei.de\\\/?page_id=3948\",\"url\":\"https:\\\/\\\/www.dimatteo-eisengiesserei.de\\\/?page_id=3948\",\"name\":\"Oberfl\u00e4chenbehandlung - Di Matteo Eisengie\u00dferei\",\"isPartOf\":{\"@id\":\"https:\\\/\\\/www.dimatteo-eisengiesserei.de\\\/#website\"},\"datePublished\":\"2017-09-26T15:03:58+00:00\",\"dateModified\":\"2017-12-02T14:13:43+00:00\",\"description\":\"Die Oberfl\u00e4chenbehandlung f\u00fcr ein einwandfreies Endprodukt. Strahlen und W\u00e4rmebehandlung bis hin zu Lackierungen und Beschichtungen ...\",\"breadcrumb\":{\"@id\":\"https:\\\/\\\/www.dimatteo-eisengiesserei.de\\\/?page_id=3948#breadcrumb\"},\"inLanguage\":\"de\",\"potentialAction\":[{\"@type\":\"ReadAction\",\"target\":[\"https:\\\/\\\/www.dimatteo-eisengiesserei.de\\\/?page_id=3948\"]}]},{\"@type\":\"BreadcrumbList\",\"@id\":\"https:\\\/\\\/www.dimatteo-eisengiesserei.de\\\/?page_id=3948#breadcrumb\",\"itemListElement\":[{\"@type\":\"ListItem\",\"position\":1,\"name\":\"Startseite\",\"item\":\"https:\\\/\\\/www.dimatteo-eisengiesserei.de\\\/\"},{\"@type\":\"ListItem\",\"position\":2,\"name\":\"Leistungen\",\"item\":\"https:\\\/\\\/www.dimatteo-eisengiesserei.de\\\/?page_id=1593\"},{\"@type\":\"ListItem\",\"position\":3,\"name\":\"Oberfl\u00e4chenbehandlung\"}]},{\"@type\":\"WebSite\",\"@id\":\"https:\\\/\\\/www.dimatteo-eisengiesserei.de\\\/#website\",\"url\":\"https:\\\/\\\/www.dimatteo-eisengiesserei.de\\\/\",\"name\":\"DI MATTEO Eisengie\u00dferei\",\"description\":\"DI MATTEO Eisengie\u00dferei\",\"publisher\":{\"@id\":\"https:\\\/\\\/www.dimatteo-eisengiesserei.de\\\/#organization\"},\"potentialAction\":[{\"@type\":\"SearchAction\",\"target\":{\"@type\":\"EntryPoint\",\"urlTemplate\":\"https:\\\/\\\/www.dimatteo-eisengiesserei.de\\\/?s={search_term_string}\"},\"query-input\":{\"@type\":\"PropertyValueSpecification\",\"valueRequired\":true,\"valueName\":\"search_term_string\"}}],\"inLanguage\":\"de\"},{\"@type\":\"Organization\",\"@id\":\"https:\\\/\\\/www.dimatteo-eisengiesserei.de\\\/#organization\",\"name\":\"DiMatteo Eisengie\u00dferei\",\"url\":\"https:\\\/\\\/www.dimatteo-eisengiesserei.de\\\/\",\"logo\":{\"@type\":\"ImageObject\",\"inLanguage\":\"de\",\"@id\":\"https:\\\/\\\/www.dimatteo-eisengiesserei.de\\\/#\\\/schema\\\/logo\\\/image\\\/\",\"url\":\"https:\\\/\\\/www.dimatteo-eisengiesserei.de\\\/wp-content\\\/uploads\\\/2017\\\/11\\\/matteo-eisengiesserei-logo.png\",\"contentUrl\":\"https:\\\/\\\/www.dimatteo-eisengiesserei.de\\\/wp-content\\\/uploads\\\/2017\\\/11\\\/matteo-eisengiesserei-logo.png\",\"width\":1200,\"height\":62,\"caption\":\"DiMatteo Eisengie\u00dferei\"},\"image\":{\"@id\":\"https:\\\/\\\/www.dimatteo-eisengiesserei.de\\\/#\\\/schema\\\/logo\\\/image\\\/\"}}]}<\/script>\n<!-- \/ Yoast SEO plugin. -->","yoast_head_json":{"title":"Oberfl\u00e4chenbehandlung - Di Matteo Eisengie\u00dferei","description":"Die Oberfl\u00e4chenbehandlung f\u00fcr ein einwandfreies Endprodukt. Strahlen und W\u00e4rmebehandlung bis hin zu Lackierungen und Beschichtungen ...","robots":{"index":"index","follow":"follow","max-snippet":"max-snippet:-1","max-image-preview":"max-image-preview:large","max-video-preview":"max-video-preview:-1"},"canonical":"https:\/\/www.dimatteo-eisengiesserei.de\/?page_id=3948","og_locale":"de_DE","og_type":"article","og_title":"Oberfl\u00e4chenbehandlung - Di Matteo Eisengie\u00dferei","og_description":"Die Oberfl\u00e4chenbehandlung f\u00fcr ein einwandfreies Endprodukt. Strahlen und W\u00e4rmebehandlung bis hin zu Lackierungen und Beschichtungen ...","og_url":"https:\/\/www.dimatteo-eisengiesserei.de\/?page_id=3948","og_site_name":"DI MATTEO Eisengie\u00dferei","article_modified_time":"2017-12-02T14:13:43+00:00","twitter_card":"summary_large_image","twitter_misc":{"Gesch\u00e4tzte Lesezeit":"2\u00a0Minuten"},"schema":{"@context":"https:\/\/schema.org","@graph":[{"@type":"WebPage","@id":"https:\/\/www.dimatteo-eisengiesserei.de\/?page_id=3948","url":"https:\/\/www.dimatteo-eisengiesserei.de\/?page_id=3948","name":"Oberfl\u00e4chenbehandlung - Di Matteo Eisengie\u00dferei","isPartOf":{"@id":"https:\/\/www.dimatteo-eisengiesserei.de\/#website"},"datePublished":"2017-09-26T15:03:58+00:00","dateModified":"2017-12-02T14:13:43+00:00","description":"Die Oberfl\u00e4chenbehandlung f\u00fcr ein einwandfreies Endprodukt. Strahlen und W\u00e4rmebehandlung bis hin zu Lackierungen und Beschichtungen ...","breadcrumb":{"@id":"https:\/\/www.dimatteo-eisengiesserei.de\/?page_id=3948#breadcrumb"},"inLanguage":"de","potentialAction":[{"@type":"ReadAction","target":["https:\/\/www.dimatteo-eisengiesserei.de\/?page_id=3948"]}]},{"@type":"BreadcrumbList","@id":"https:\/\/www.dimatteo-eisengiesserei.de\/?page_id=3948#breadcrumb","itemListElement":[{"@type":"ListItem","position":1,"name":"Startseite","item":"https:\/\/www.dimatteo-eisengiesserei.de\/"},{"@type":"ListItem","position":2,"name":"Leistungen","item":"https:\/\/www.dimatteo-eisengiesserei.de\/?page_id=1593"},{"@type":"ListItem","position":3,"name":"Oberfl\u00e4chenbehandlung"}]},{"@type":"WebSite","@id":"https:\/\/www.dimatteo-eisengiesserei.de\/#website","url":"https:\/\/www.dimatteo-eisengiesserei.de\/","name":"DI MATTEO Eisengie\u00dferei","description":"DI MATTEO Eisengie\u00dferei","publisher":{"@id":"https:\/\/www.dimatteo-eisengiesserei.de\/#organization"},"potentialAction":[{"@type":"SearchAction","target":{"@type":"EntryPoint","urlTemplate":"https:\/\/www.dimatteo-eisengiesserei.de\/?s={search_term_string}"},"query-input":{"@type":"PropertyValueSpecification","valueRequired":true,"valueName":"search_term_string"}}],"inLanguage":"de"},{"@type":"Organization","@id":"https:\/\/www.dimatteo-eisengiesserei.de\/#organization","name":"DiMatteo Eisengie\u00dferei","url":"https:\/\/www.dimatteo-eisengiesserei.de\/","logo":{"@type":"ImageObject","inLanguage":"de","@id":"https:\/\/www.dimatteo-eisengiesserei.de\/#\/schema\/logo\/image\/","url":"https:\/\/www.dimatteo-eisengiesserei.de\/wp-content\/uploads\/2017\/11\/matteo-eisengiesserei-logo.png","contentUrl":"https:\/\/www.dimatteo-eisengiesserei.de\/wp-content\/uploads\/2017\/11\/matteo-eisengiesserei-logo.png","width":1200,"height":62,"caption":"DiMatteo Eisengie\u00dferei"},"image":{"@id":"https:\/\/www.dimatteo-eisengiesserei.de\/#\/schema\/logo\/image\/"}}]}},"_links":{"self":[{"href":"https:\/\/www.dimatteo-eisengiesserei.de\/index.php?rest_route=\/wp\/v2\/pages\/3948","targetHints":{"allow":["GET"]}}],"collection":[{"href":"https:\/\/www.dimatteo-eisengiesserei.de\/index.php?rest_route=\/wp\/v2\/pages"}],"about":[{"href":"https:\/\/www.dimatteo-eisengiesserei.de\/index.php?rest_route=\/wp\/v2\/types\/page"}],"author":[{"embeddable":true,"href":"https:\/\/www.dimatteo-eisengiesserei.de\/index.php?rest_route=\/wp\/v2\/users\/2"}],"replies":[{"embeddable":true,"href":"https:\/\/www.dimatteo-eisengiesserei.de\/index.php?rest_route=%2Fwp%2Fv2%2Fcomments&post=3948"}],"version-history":[{"count":1,"href":"https:\/\/www.dimatteo-eisengiesserei.de\/index.php?rest_route=\/wp\/v2\/pages\/3948\/revisions"}],"predecessor-version":[{"id":4123,"href":"https:\/\/www.dimatteo-eisengiesserei.de\/index.php?rest_route=\/wp\/v2\/pages\/3948\/revisions\/4123"}],"up":[{"embeddable":true,"href":"https:\/\/www.dimatteo-eisengiesserei.de\/index.php?rest_route=\/wp\/v2\/pages\/1593"}],"wp:attachment":[{"href":"https:\/\/www.dimatteo-eisengiesserei.de\/index.php?rest_route=%2Fwp%2Fv2%2Fmedia&parent=3948"}],"curies":[{"name":"wp","href":"https:\/\/api.w.org\/{rel}","templated":true}]}}