{"id":2802,"date":"2016-02-28T13:55:31","date_gmt":"2016-02-28T12:55:31","guid":{"rendered":"http:\/\/www.jens-henning.de\/?page_id=2802"},"modified":"2017-12-02T15:12:37","modified_gmt":"2017-12-02T14:12:37","slug":"mechanische-bearbeitung","status":"publish","type":"page","link":"https:\/\/www.dimatteo-eisengiesserei.de\/?page_id=2802","title":{"rendered":"Mechanische Bearbeitung"},"content":{"rendered":"<p>[vc_row][vc_column][vc_column_text]<a href=\"http:\/\/www.dimatteo-eisengiesserei.de\/homehome\/\">Home<\/a> \u00bb <a href=\"http:\/\/www.dimatteo-eisengiesserei.de\/leistungen\/\">Leistungen<\/a> \u00bb Mechanische Bearbeitung[\/vc_column_text][vc_column_text]<\/p>\n<h1>Mechanische Bearbeitung<\/h1>\n<h2>Vom Rohguss bis zum einbaufertigen Gussteil &#8211; das Leistungsportfolio der DI MATTEO Eisengie\u00dferei umfasst neben der reinen Herstellung von Gussteilen, auch deren hochwertige, mechanische Weiterbearbeitung<\/h2>\n<p>Auch nach der Herstellung des Gussteils stehen wir unseren Kunden weiterhin als profilierter, kompetenter Partner zur Verf\u00fcgung. Auf Kundenwunsch \u00fcbernehmen wir gerne die mechanische Bearbeitung von Ihren Gusskomponenten und geben anschlie\u00dfend einbaufertige Gussteile an Sie weiter.<\/p>\n<p>Da Sie bei uns alle Leistungen aus einer Hand erhalten, verbleiben Sie auch nach der Herstellung des Gussteils bei Ihrem vertrauten Ansprechpartner in unserem Unternehmen. So werden zus\u00e4tzliche Schnittstellen, sowie m\u00f6gliche Fehlerquellen, zwischen den einzelnen Arbeitsabl\u00e4ufen vermieden und Ihr Verwaltungsaufwand minimiert. Wir behalten f\u00fcr Sie den gesamten Prozess im Auge und erh\u00f6hen das Optimierungspotenzial durch k\u00fcrzere Reaktionszeiten.<\/p>\n<p>Die Erweiterung und Investition in ein 5-Achs-Fr\u00e4szentrum erm\u00f6glicht es uns, der wachsenden Nachfrage an hochwertigen, einbaufertigen Gussteilen gerecht zu werden und unsere Kapazit\u00e4ten zu steigern. Den Bedarf an Kleinserien decken wir f\u00fcr Sie mit unseren konventionellen Drehmaschinen ab.<\/p>\n<p>Profitieren Sie durch unsere jahrzehntelangen Erfahrungen in diesen Bereichen. Mit unseren geschulten Facharbeitern und einem umfassenden Maschinenpark, setzten wir die Grundvoraussetzungen f\u00fcr die gleichbleibend hohe Qualit\u00e4t unserer Produkte.[\/vc_column_text][\/vc_column][\/vc_row][vc_row][vc_column][vc_column_text]<\/p>\n<h3>Unsere Leistungen<\/h3>\n<p>[\/vc_column_text][vc_wp_custommenu nav_menu=&#8220;4&#8243;][\/vc_column][\/vc_row]<\/p>\n","protected":false},"excerpt":{"rendered":"<p>[vc_row][vc_column][vc_column_text]Home \u00bb Leistungen \u00bb Mechanische Bearbeitung[\/vc_column_text][vc_column_text] Mechanische Bearbeitung Vom Rohguss bis zum einbaufertigen Gussteil &#8211; das Leistungsportfolio der DI MATTEO Eisengie\u00dferei umfasst neben der reinen Herstellung von Gussteilen, auch deren hochwertige, mechanische Weiterbearbeitung Auch nach der Herstellung des Gussteils stehen wir unseren Kunden weiterhin als profilierter, kompetenter Partner zur Verf\u00fcgung. Auf Kundenwunsch \u00fcbernehmen wir gerne [&hellip;]<\/p>\n","protected":false},"author":2,"featured_media":0,"parent":1593,"menu_order":0,"comment_status":"closed","ping_status":"closed","template":"","meta":{"footnotes":""},"class_list":["post-2802","page","type-page","status-publish","hentry"],"yoast_head":"<!-- This site is optimized with the Yoast SEO plugin v27.5 - https:\/\/yoast.com\/product\/yoast-seo-wordpress\/ -->\n<title>Mechanische Bearbeitung - Di Matteo Eisengie\u00dferei<\/title>\n<meta name=\"description\" content=\"Vom Rohguss bis zum einbaufertigen Gussteil, neben der reinen Herstellung von Gussteilen, bieten wir hochwertige, mechanische Weiterbearbeitung.\" \/>\n<meta name=\"robots\" content=\"index, follow, max-snippet:-1, max-image-preview:large, max-video-preview:-1\" \/>\n<link rel=\"canonical\" href=\"https:\/\/www.dimatteo-eisengiesserei.de\/?page_id=2802\" \/>\n<meta property=\"og:locale\" content=\"de_DE\" \/>\n<meta property=\"og:type\" content=\"article\" \/>\n<meta property=\"og:title\" content=\"Mechanische Bearbeitung - Di Matteo Eisengie\u00dferei\" \/>\n<meta property=\"og:description\" content=\"Vom Rohguss bis zum einbaufertigen Gussteil, neben der reinen Herstellung von Gussteilen, bieten wir hochwertige, mechanische Weiterbearbeitung.\" \/>\n<meta property=\"og:url\" content=\"https:\/\/www.dimatteo-eisengiesserei.de\/?page_id=2802\" \/>\n<meta property=\"og:site_name\" content=\"DI MATTEO Eisengie\u00dferei\" \/>\n<meta property=\"article:modified_time\" content=\"2017-12-02T14:12:37+00:00\" \/>\n<meta name=\"twitter:card\" content=\"summary_large_image\" \/>\n<meta name=\"twitter:label1\" content=\"Gesch\u00e4tzte Lesezeit\" \/>\n\t<meta name=\"twitter:data1\" content=\"1\u00a0Minute\" \/>\n<script type=\"application\/ld+json\" class=\"yoast-schema-graph\">{\"@context\":\"https:\\\/\\\/schema.org\",\"@graph\":[{\"@type\":\"WebPage\",\"@id\":\"https:\\\/\\\/www.dimatteo-eisengiesserei.de\\\/?page_id=2802\",\"url\":\"https:\\\/\\\/www.dimatteo-eisengiesserei.de\\\/?page_id=2802\",\"name\":\"Mechanische Bearbeitung - Di Matteo Eisengie\u00dferei\",\"isPartOf\":{\"@id\":\"https:\\\/\\\/www.dimatteo-eisengiesserei.de\\\/#website\"},\"datePublished\":\"2016-02-28T12:55:31+00:00\",\"dateModified\":\"2017-12-02T14:12:37+00:00\",\"description\":\"Vom Rohguss bis zum einbaufertigen Gussteil, neben der reinen Herstellung von Gussteilen, bieten wir hochwertige, mechanische Weiterbearbeitung.\",\"breadcrumb\":{\"@id\":\"https:\\\/\\\/www.dimatteo-eisengiesserei.de\\\/?page_id=2802#breadcrumb\"},\"inLanguage\":\"de\",\"potentialAction\":[{\"@type\":\"ReadAction\",\"target\":[\"https:\\\/\\\/www.dimatteo-eisengiesserei.de\\\/?page_id=2802\"]}]},{\"@type\":\"BreadcrumbList\",\"@id\":\"https:\\\/\\\/www.dimatteo-eisengiesserei.de\\\/?page_id=2802#breadcrumb\",\"itemListElement\":[{\"@type\":\"ListItem\",\"position\":1,\"name\":\"Startseite\",\"item\":\"https:\\\/\\\/www.dimatteo-eisengiesserei.de\\\/\"},{\"@type\":\"ListItem\",\"position\":2,\"name\":\"Leistungen\",\"item\":\"https:\\\/\\\/www.dimatteo-eisengiesserei.de\\\/?page_id=1593\"},{\"@type\":\"ListItem\",\"position\":3,\"name\":\"Mechanische Bearbeitung\"}]},{\"@type\":\"WebSite\",\"@id\":\"https:\\\/\\\/www.dimatteo-eisengiesserei.de\\\/#website\",\"url\":\"https:\\\/\\\/www.dimatteo-eisengiesserei.de\\\/\",\"name\":\"DI MATTEO Eisengie\u00dferei\",\"description\":\"DI MATTEO Eisengie\u00dferei\",\"publisher\":{\"@id\":\"https:\\\/\\\/www.dimatteo-eisengiesserei.de\\\/#organization\"},\"potentialAction\":[{\"@type\":\"SearchAction\",\"target\":{\"@type\":\"EntryPoint\",\"urlTemplate\":\"https:\\\/\\\/www.dimatteo-eisengiesserei.de\\\/?s={search_term_string}\"},\"query-input\":{\"@type\":\"PropertyValueSpecification\",\"valueRequired\":true,\"valueName\":\"search_term_string\"}}],\"inLanguage\":\"de\"},{\"@type\":\"Organization\",\"@id\":\"https:\\\/\\\/www.dimatteo-eisengiesserei.de\\\/#organization\",\"name\":\"DiMatteo Eisengie\u00dferei\",\"url\":\"https:\\\/\\\/www.dimatteo-eisengiesserei.de\\\/\",\"logo\":{\"@type\":\"ImageObject\",\"inLanguage\":\"de\",\"@id\":\"https:\\\/\\\/www.dimatteo-eisengiesserei.de\\\/#\\\/schema\\\/logo\\\/image\\\/\",\"url\":\"https:\\\/\\\/www.dimatteo-eisengiesserei.de\\\/wp-content\\\/uploads\\\/2017\\\/11\\\/matteo-eisengiesserei-logo.png\",\"contentUrl\":\"https:\\\/\\\/www.dimatteo-eisengiesserei.de\\\/wp-content\\\/uploads\\\/2017\\\/11\\\/matteo-eisengiesserei-logo.png\",\"width\":1200,\"height\":62,\"caption\":\"DiMatteo Eisengie\u00dferei\"},\"image\":{\"@id\":\"https:\\\/\\\/www.dimatteo-eisengiesserei.de\\\/#\\\/schema\\\/logo\\\/image\\\/\"}}]}<\/script>\n<!-- \/ Yoast SEO plugin. -->","yoast_head_json":{"title":"Mechanische Bearbeitung - Di Matteo Eisengie\u00dferei","description":"Vom Rohguss bis zum einbaufertigen Gussteil, neben der reinen Herstellung von Gussteilen, bieten wir hochwertige, mechanische Weiterbearbeitung.","robots":{"index":"index","follow":"follow","max-snippet":"max-snippet:-1","max-image-preview":"max-image-preview:large","max-video-preview":"max-video-preview:-1"},"canonical":"https:\/\/www.dimatteo-eisengiesserei.de\/?page_id=2802","og_locale":"de_DE","og_type":"article","og_title":"Mechanische Bearbeitung - Di Matteo Eisengie\u00dferei","og_description":"Vom Rohguss bis zum einbaufertigen Gussteil, neben der reinen Herstellung von Gussteilen, bieten wir hochwertige, mechanische Weiterbearbeitung.","og_url":"https:\/\/www.dimatteo-eisengiesserei.de\/?page_id=2802","og_site_name":"DI MATTEO Eisengie\u00dferei","article_modified_time":"2017-12-02T14:12:37+00:00","twitter_card":"summary_large_image","twitter_misc":{"Gesch\u00e4tzte Lesezeit":"1\u00a0Minute"},"schema":{"@context":"https:\/\/schema.org","@graph":[{"@type":"WebPage","@id":"https:\/\/www.dimatteo-eisengiesserei.de\/?page_id=2802","url":"https:\/\/www.dimatteo-eisengiesserei.de\/?page_id=2802","name":"Mechanische Bearbeitung - Di Matteo Eisengie\u00dferei","isPartOf":{"@id":"https:\/\/www.dimatteo-eisengiesserei.de\/#website"},"datePublished":"2016-02-28T12:55:31+00:00","dateModified":"2017-12-02T14:12:37+00:00","description":"Vom Rohguss bis zum einbaufertigen Gussteil, neben der reinen Herstellung von Gussteilen, bieten wir hochwertige, mechanische Weiterbearbeitung.","breadcrumb":{"@id":"https:\/\/www.dimatteo-eisengiesserei.de\/?page_id=2802#breadcrumb"},"inLanguage":"de","potentialAction":[{"@type":"ReadAction","target":["https:\/\/www.dimatteo-eisengiesserei.de\/?page_id=2802"]}]},{"@type":"BreadcrumbList","@id":"https:\/\/www.dimatteo-eisengiesserei.de\/?page_id=2802#breadcrumb","itemListElement":[{"@type":"ListItem","position":1,"name":"Startseite","item":"https:\/\/www.dimatteo-eisengiesserei.de\/"},{"@type":"ListItem","position":2,"name":"Leistungen","item":"https:\/\/www.dimatteo-eisengiesserei.de\/?page_id=1593"},{"@type":"ListItem","position":3,"name":"Mechanische Bearbeitung"}]},{"@type":"WebSite","@id":"https:\/\/www.dimatteo-eisengiesserei.de\/#website","url":"https:\/\/www.dimatteo-eisengiesserei.de\/","name":"DI MATTEO Eisengie\u00dferei","description":"DI MATTEO Eisengie\u00dferei","publisher":{"@id":"https:\/\/www.dimatteo-eisengiesserei.de\/#organization"},"potentialAction":[{"@type":"SearchAction","target":{"@type":"EntryPoint","urlTemplate":"https:\/\/www.dimatteo-eisengiesserei.de\/?s={search_term_string}"},"query-input":{"@type":"PropertyValueSpecification","valueRequired":true,"valueName":"search_term_string"}}],"inLanguage":"de"},{"@type":"Organization","@id":"https:\/\/www.dimatteo-eisengiesserei.de\/#organization","name":"DiMatteo Eisengie\u00dferei","url":"https:\/\/www.dimatteo-eisengiesserei.de\/","logo":{"@type":"ImageObject","inLanguage":"de","@id":"https:\/\/www.dimatteo-eisengiesserei.de\/#\/schema\/logo\/image\/","url":"https:\/\/www.dimatteo-eisengiesserei.de\/wp-content\/uploads\/2017\/11\/matteo-eisengiesserei-logo.png","contentUrl":"https:\/\/www.dimatteo-eisengiesserei.de\/wp-content\/uploads\/2017\/11\/matteo-eisengiesserei-logo.png","width":1200,"height":62,"caption":"DiMatteo Eisengie\u00dferei"},"image":{"@id":"https:\/\/www.dimatteo-eisengiesserei.de\/#\/schema\/logo\/image\/"}}]}},"_links":{"self":[{"href":"https:\/\/www.dimatteo-eisengiesserei.de\/index.php?rest_route=\/wp\/v2\/pages\/2802","targetHints":{"allow":["GET"]}}],"collection":[{"href":"https:\/\/www.dimatteo-eisengiesserei.de\/index.php?rest_route=\/wp\/v2\/pages"}],"about":[{"href":"https:\/\/www.dimatteo-eisengiesserei.de\/index.php?rest_route=\/wp\/v2\/types\/page"}],"author":[{"embeddable":true,"href":"https:\/\/www.dimatteo-eisengiesserei.de\/index.php?rest_route=\/wp\/v2\/users\/2"}],"replies":[{"embeddable":true,"href":"https:\/\/www.dimatteo-eisengiesserei.de\/index.php?rest_route=%2Fwp%2Fv2%2Fcomments&post=2802"}],"version-history":[{"count":1,"href":"https:\/\/www.dimatteo-eisengiesserei.de\/index.php?rest_route=\/wp\/v2\/pages\/2802\/revisions"}],"predecessor-version":[{"id":4122,"href":"https:\/\/www.dimatteo-eisengiesserei.de\/index.php?rest_route=\/wp\/v2\/pages\/2802\/revisions\/4122"}],"up":[{"embeddable":true,"href":"https:\/\/www.dimatteo-eisengiesserei.de\/index.php?rest_route=\/wp\/v2\/pages\/1593"}],"wp:attachment":[{"href":"https:\/\/www.dimatteo-eisengiesserei.de\/index.php?rest_route=%2Fwp%2Fv2%2Fmedia&parent=2802"}],"curies":[{"name":"wp","href":"https:\/\/api.w.org\/{rel}","templated":true}]}}