{"id":2405,"date":"2015-06-02T14:59:57","date_gmt":"2015-06-02T12:59:57","guid":{"rendered":"http:\/\/www.jens-henning.de\/?page_id=2405"},"modified":"2017-12-02T15:09:42","modified_gmt":"2017-12-02T14:09:42","slug":"anfahrt","status":"publish","type":"page","link":"https:\/\/www.dimatteo-eisengiesserei.de\/?page_id=2405","title":{"rendered":"Anfahrt"},"content":{"rendered":"<p>[vc_row][vc_column][vc_column_text]<a href=\"http:\/\/www.dimatteo-eisengiesserei.de\/homehome\/\">Home<\/a> \u00bb <a href=\"http:\/\/www.dimatteo-eisengiesserei.de\/kontakt\/\">Kontakt<\/a> \u00bb Anfahrt[\/vc_column_text][vc_column_text]<\/p>\n<h1>Anfahrt \/ Lage \/ Standort<\/h1>\n<h2>Um Ihnen eine problemlose und sichere Anreise zu erm\u00f6glichen, finden Sie folgend unseren Routenplaner und Wegweiser.<\/h2>\n<p>Die DI MATTEO Eisengie\u00dferei liegt nahe des geografischen Mittelpunktes Deutschlands, im nordwestlichen Teil des Landes Th\u00fcringen im Landkreis Eichsfeld, in Dingelst\u00e4dt. \u2028Dingelst\u00e4dt ist einer der \u00e4ltesten Orte des Eichsfelds und Sitz der gleichnamigen Verwaltungsgemeinschaft mit \u00fcber 9.000 Einwohnern. Die verkehrsg\u00fcnstige Lage an der Bundesstra\u00dfe B247, sowie der nah verlaufenden Bundesautobahn A38, gew\u00e4hrt uns logistische Vorteile.[\/vc_column_text][\/vc_column][\/vc_row][vc_row][vc_column][vc_separator][\/vc_column][\/vc_row][vc_row][vc_column][vc_column_text css=&#8220;.vc_custom_1511799231025{margin-bottom: 1px !important;border-bottom-width: 1px !important;padding-bottom: 0px !important;}&#8220;]F\u00fcr eine Anfahrtsplanung klicken Sie einfach auf &#8222;Wegbeschreibung&#8220; innerhalb der Karte und geben Sie Ihren Startpunkt ein. Ihre Route zu uns wird dann entsprechend berechnet.[\/vc_column_text][vc_empty_space height=&#8220;20px&#8220;][vc_column_text][mappress][\/vc_column_text][\/vc_column][\/vc_row][vc_row][vc_column][vc_separator][\/vc_column][\/vc_row][vc_row][vc_column][vc_column_text]<\/p>\n<h3>Kontakt, Anfahrt<\/h3>\n<p>[\/vc_column_text][vc_wp_custommenu nav_menu=&#8220;3&#8243;][\/vc_column][\/vc_row]<\/p>\n","protected":false},"excerpt":{"rendered":"<p>[vc_row][vc_column][vc_column_text]Home \u00bb Kontakt \u00bb Anfahrt[\/vc_column_text][vc_column_text] Anfahrt \/ Lage \/ Standort Um Ihnen eine problemlose und sichere Anreise zu erm\u00f6glichen, finden Sie folgend unseren Routenplaner und Wegweiser. Die DI MATTEO Eisengie\u00dferei liegt nahe des geografischen Mittelpunktes Deutschlands, im nordwestlichen Teil des Landes Th\u00fcringen im Landkreis Eichsfeld, in Dingelst\u00e4dt. \u2028Dingelst\u00e4dt ist einer der \u00e4ltesten Orte des Eichsfelds [&hellip;]<\/p>\n","protected":false},"author":2,"featured_media":0,"parent":150,"menu_order":0,"comment_status":"closed","ping_status":"closed","template":"","meta":{"footnotes":""},"class_list":["post-2405","page","type-page","status-publish","hentry"],"yoast_head":"<!-- This site is optimized with the Yoast SEO plugin v27.4 - https:\/\/yoast.com\/product\/yoast-seo-wordpress\/ -->\n<title>Kontakt und Anfahrt - Di Matteo Eisengie\u00dferei<\/title>\n<meta name=\"description\" content=\"Wir m\u00f6chten, dass Sie schnell und sicher bei uns ankommen \u2013 Ihre Anfahrt zur Di Matteo Eisengie\u00dferei.\" \/>\n<meta name=\"robots\" content=\"index, follow, max-snippet:-1, max-image-preview:large, max-video-preview:-1\" \/>\n<link rel=\"canonical\" href=\"https:\/\/www.dimatteo-eisengiesserei.de\/?page_id=2405\" \/>\n<meta property=\"og:locale\" content=\"de_DE\" \/>\n<meta property=\"og:type\" content=\"article\" \/>\n<meta property=\"og:title\" content=\"Kontakt und Anfahrt - Di Matteo Eisengie\u00dferei\" \/>\n<meta property=\"og:description\" content=\"Wir m\u00f6chten, dass Sie schnell und sicher bei uns ankommen \u2013 Ihre Anfahrt zur Di Matteo Eisengie\u00dferei.\" \/>\n<meta property=\"og:url\" content=\"https:\/\/www.dimatteo-eisengiesserei.de\/?page_id=2405\" \/>\n<meta property=\"og:site_name\" content=\"DI MATTEO Eisengie\u00dferei\" \/>\n<meta property=\"article:modified_time\" content=\"2017-12-02T14:09:42+00:00\" \/>\n<meta name=\"twitter:card\" content=\"summary_large_image\" \/>\n<meta name=\"twitter:label1\" content=\"Gesch\u00e4tzte Lesezeit\" \/>\n\t<meta name=\"twitter:data1\" content=\"1\u00a0Minute\" \/>\n<script type=\"application\/ld+json\" class=\"yoast-schema-graph\">{\"@context\":\"https:\\\/\\\/schema.org\",\"@graph\":[{\"@type\":\"WebPage\",\"@id\":\"https:\\\/\\\/www.dimatteo-eisengiesserei.de\\\/?page_id=2405\",\"url\":\"https:\\\/\\\/www.dimatteo-eisengiesserei.de\\\/?page_id=2405\",\"name\":\"Kontakt und Anfahrt - Di Matteo Eisengie\u00dferei\",\"isPartOf\":{\"@id\":\"https:\\\/\\\/www.dimatteo-eisengiesserei.de\\\/#website\"},\"datePublished\":\"2015-06-02T12:59:57+00:00\",\"dateModified\":\"2017-12-02T14:09:42+00:00\",\"description\":\"Wir m\u00f6chten, dass Sie schnell und sicher bei uns ankommen \u2013 Ihre Anfahrt zur Di Matteo Eisengie\u00dferei.\",\"breadcrumb\":{\"@id\":\"https:\\\/\\\/www.dimatteo-eisengiesserei.de\\\/?page_id=2405#breadcrumb\"},\"inLanguage\":\"de\",\"potentialAction\":[{\"@type\":\"ReadAction\",\"target\":[\"https:\\\/\\\/www.dimatteo-eisengiesserei.de\\\/?page_id=2405\"]}]},{\"@type\":\"BreadcrumbList\",\"@id\":\"https:\\\/\\\/www.dimatteo-eisengiesserei.de\\\/?page_id=2405#breadcrumb\",\"itemListElement\":[{\"@type\":\"ListItem\",\"position\":1,\"name\":\"Startseite\",\"item\":\"https:\\\/\\\/www.dimatteo-eisengiesserei.de\\\/\"},{\"@type\":\"ListItem\",\"position\":2,\"name\":\"Kontakt\",\"item\":\"https:\\\/\\\/www.dimatteo-eisengiesserei.de\\\/?page_id=150\"},{\"@type\":\"ListItem\",\"position\":3,\"name\":\"Anfahrt\"}]},{\"@type\":\"WebSite\",\"@id\":\"https:\\\/\\\/www.dimatteo-eisengiesserei.de\\\/#website\",\"url\":\"https:\\\/\\\/www.dimatteo-eisengiesserei.de\\\/\",\"name\":\"DI MATTEO Eisengie\u00dferei\",\"description\":\"DI MATTEO Eisengie\u00dferei\",\"publisher\":{\"@id\":\"https:\\\/\\\/www.dimatteo-eisengiesserei.de\\\/#organization\"},\"potentialAction\":[{\"@type\":\"SearchAction\",\"target\":{\"@type\":\"EntryPoint\",\"urlTemplate\":\"https:\\\/\\\/www.dimatteo-eisengiesserei.de\\\/?s={search_term_string}\"},\"query-input\":{\"@type\":\"PropertyValueSpecification\",\"valueRequired\":true,\"valueName\":\"search_term_string\"}}],\"inLanguage\":\"de\"},{\"@type\":\"Organization\",\"@id\":\"https:\\\/\\\/www.dimatteo-eisengiesserei.de\\\/#organization\",\"name\":\"DiMatteo Eisengie\u00dferei\",\"url\":\"https:\\\/\\\/www.dimatteo-eisengiesserei.de\\\/\",\"logo\":{\"@type\":\"ImageObject\",\"inLanguage\":\"de\",\"@id\":\"https:\\\/\\\/www.dimatteo-eisengiesserei.de\\\/#\\\/schema\\\/logo\\\/image\\\/\",\"url\":\"https:\\\/\\\/www.dimatteo-eisengiesserei.de\\\/wp-content\\\/uploads\\\/2017\\\/11\\\/matteo-eisengiesserei-logo.png\",\"contentUrl\":\"https:\\\/\\\/www.dimatteo-eisengiesserei.de\\\/wp-content\\\/uploads\\\/2017\\\/11\\\/matteo-eisengiesserei-logo.png\",\"width\":1200,\"height\":62,\"caption\":\"DiMatteo Eisengie\u00dferei\"},\"image\":{\"@id\":\"https:\\\/\\\/www.dimatteo-eisengiesserei.de\\\/#\\\/schema\\\/logo\\\/image\\\/\"}}]}<\/script>\n<!-- \/ Yoast SEO plugin. -->","yoast_head_json":{"title":"Kontakt und Anfahrt - Di Matteo Eisengie\u00dferei","description":"Wir m\u00f6chten, dass Sie schnell und sicher bei uns ankommen \u2013 Ihre Anfahrt zur Di Matteo Eisengie\u00dferei.","robots":{"index":"index","follow":"follow","max-snippet":"max-snippet:-1","max-image-preview":"max-image-preview:large","max-video-preview":"max-video-preview:-1"},"canonical":"https:\/\/www.dimatteo-eisengiesserei.de\/?page_id=2405","og_locale":"de_DE","og_type":"article","og_title":"Kontakt und Anfahrt - Di Matteo Eisengie\u00dferei","og_description":"Wir m\u00f6chten, dass Sie schnell und sicher bei uns ankommen \u2013 Ihre Anfahrt zur Di Matteo Eisengie\u00dferei.","og_url":"https:\/\/www.dimatteo-eisengiesserei.de\/?page_id=2405","og_site_name":"DI MATTEO Eisengie\u00dferei","article_modified_time":"2017-12-02T14:09:42+00:00","twitter_card":"summary_large_image","twitter_misc":{"Gesch\u00e4tzte Lesezeit":"1\u00a0Minute"},"schema":{"@context":"https:\/\/schema.org","@graph":[{"@type":"WebPage","@id":"https:\/\/www.dimatteo-eisengiesserei.de\/?page_id=2405","url":"https:\/\/www.dimatteo-eisengiesserei.de\/?page_id=2405","name":"Kontakt und Anfahrt - Di Matteo Eisengie\u00dferei","isPartOf":{"@id":"https:\/\/www.dimatteo-eisengiesserei.de\/#website"},"datePublished":"2015-06-02T12:59:57+00:00","dateModified":"2017-12-02T14:09:42+00:00","description":"Wir m\u00f6chten, dass Sie schnell und sicher bei uns ankommen \u2013 Ihre Anfahrt zur Di Matteo Eisengie\u00dferei.","breadcrumb":{"@id":"https:\/\/www.dimatteo-eisengiesserei.de\/?page_id=2405#breadcrumb"},"inLanguage":"de","potentialAction":[{"@type":"ReadAction","target":["https:\/\/www.dimatteo-eisengiesserei.de\/?page_id=2405"]}]},{"@type":"BreadcrumbList","@id":"https:\/\/www.dimatteo-eisengiesserei.de\/?page_id=2405#breadcrumb","itemListElement":[{"@type":"ListItem","position":1,"name":"Startseite","item":"https:\/\/www.dimatteo-eisengiesserei.de\/"},{"@type":"ListItem","position":2,"name":"Kontakt","item":"https:\/\/www.dimatteo-eisengiesserei.de\/?page_id=150"},{"@type":"ListItem","position":3,"name":"Anfahrt"}]},{"@type":"WebSite","@id":"https:\/\/www.dimatteo-eisengiesserei.de\/#website","url":"https:\/\/www.dimatteo-eisengiesserei.de\/","name":"DI MATTEO Eisengie\u00dferei","description":"DI MATTEO Eisengie\u00dferei","publisher":{"@id":"https:\/\/www.dimatteo-eisengiesserei.de\/#organization"},"potentialAction":[{"@type":"SearchAction","target":{"@type":"EntryPoint","urlTemplate":"https:\/\/www.dimatteo-eisengiesserei.de\/?s={search_term_string}"},"query-input":{"@type":"PropertyValueSpecification","valueRequired":true,"valueName":"search_term_string"}}],"inLanguage":"de"},{"@type":"Organization","@id":"https:\/\/www.dimatteo-eisengiesserei.de\/#organization","name":"DiMatteo Eisengie\u00dferei","url":"https:\/\/www.dimatteo-eisengiesserei.de\/","logo":{"@type":"ImageObject","inLanguage":"de","@id":"https:\/\/www.dimatteo-eisengiesserei.de\/#\/schema\/logo\/image\/","url":"https:\/\/www.dimatteo-eisengiesserei.de\/wp-content\/uploads\/2017\/11\/matteo-eisengiesserei-logo.png","contentUrl":"https:\/\/www.dimatteo-eisengiesserei.de\/wp-content\/uploads\/2017\/11\/matteo-eisengiesserei-logo.png","width":1200,"height":62,"caption":"DiMatteo Eisengie\u00dferei"},"image":{"@id":"https:\/\/www.dimatteo-eisengiesserei.de\/#\/schema\/logo\/image\/"}}]}},"_links":{"self":[{"href":"https:\/\/www.dimatteo-eisengiesserei.de\/index.php?rest_route=\/wp\/v2\/pages\/2405","targetHints":{"allow":["GET"]}}],"collection":[{"href":"https:\/\/www.dimatteo-eisengiesserei.de\/index.php?rest_route=\/wp\/v2\/pages"}],"about":[{"href":"https:\/\/www.dimatteo-eisengiesserei.de\/index.php?rest_route=\/wp\/v2\/types\/page"}],"author":[{"embeddable":true,"href":"https:\/\/www.dimatteo-eisengiesserei.de\/index.php?rest_route=\/wp\/v2\/users\/2"}],"replies":[{"embeddable":true,"href":"https:\/\/www.dimatteo-eisengiesserei.de\/index.php?rest_route=%2Fwp%2Fv2%2Fcomments&post=2405"}],"version-history":[{"count":8,"href":"https:\/\/www.dimatteo-eisengiesserei.de\/index.php?rest_route=\/wp\/v2\/pages\/2405\/revisions"}],"predecessor-version":[{"id":4131,"href":"https:\/\/www.dimatteo-eisengiesserei.de\/index.php?rest_route=\/wp\/v2\/pages\/2405\/revisions\/4131"}],"up":[{"embeddable":true,"href":"https:\/\/www.dimatteo-eisengiesserei.de\/index.php?rest_route=\/wp\/v2\/pages\/150"}],"wp:attachment":[{"href":"https:\/\/www.dimatteo-eisengiesserei.de\/index.php?rest_route=%2Fwp%2Fv2%2Fmedia&parent=2405"}],"curies":[{"name":"wp","href":"https:\/\/api.w.org\/{rel}","templated":true}]}}