{"id":1963,"date":"2015-05-05T09:41:36","date_gmt":"2015-05-05T07:41:36","guid":{"rendered":"http:\/\/www.jens-henning.de\/?page_id=1963"},"modified":"2017-12-02T15:11:49","modified_gmt":"2017-12-02T14:11:49","slug":"giesserei","status":"publish","type":"page","link":"https:\/\/www.dimatteo-eisengiesserei.de\/?page_id=1963","title":{"rendered":"Gie\u00dferei"},"content":{"rendered":"<p>[vc_row][vc_column][vc_column_text]<a href=\"http:\/\/www.dimatteo-eisengiesserei.de\/homehome\/\">Home<\/a> \u00bb <a href=\"http:\/\/www.dimatteo-eisengiesserei.de\/leistungen\/\">Leistungen<\/a> \u00bb Gie\u00dferei[\/vc_column_text][vc_column_text]<\/p>\n<h1>Gie\u00dferei \/ Gie\u00dftechnik<\/h1>\n<h2>Vom Rohmaterial bis zum fertigen Gussteil sind viele Arbeitsschritte notwendig, die wir in unserem Unternehmen vereinen: Modellbau, Kernmacherei, Schmelzbetrieb und Formerei<\/h2>\n<p>Jedes ma\u00dfgeschneiderte Gussteil durchl\u00e4uft verschiedene Abteilungen, bevor es an den Kunden weitergeben werden kann. Gut \u00fcberlegte Vorbereitungen und eine verl\u00e4ssliche Maschinerie bilden die Grundlage f\u00fcr ein hochwertiges und pr\u00e4zises Gussteil.[\/vc_column_text][\/vc_column][\/vc_row][vc_row][vc_column][vc_column_text]<\/p>\n<h3>Modellbau (Firmenbau)<\/h3>\n<p>Jede unserer Gie\u00dfformen ben\u00f6tigt ein ma\u00dfgenaues Modell. Das Modell entscheidet dar\u00fcber wie passgenau das Gussteil nach der Fertigung ausf\u00e4llt. Um nichts dem Zufall zu \u00fcberlassen, werden diese Gie\u00dfereimodelle bei uns im eigenen Werk oder durch ausgew\u00e4hlte Partner produziert. Die Gie\u00dfereimodelle werden konventionell nach Kundenzeichnungen oder anhand von 3D-CAD Datens\u00e4tzen hergestellt.<\/p>\n<p>Je nach Kundenwunsch und Anforderung k\u00f6nnen wir die Modelle f\u00fcr das Hand- und Maschinenformverfahren aus den Werkstoffen Aluminium, Kunstharz oder Holz anfertigen.<\/p>\n<p>Auch bei \u00c4nderungsw\u00fcnschen oder erforderlichen Anpassungen sind wir Ihr zuverl\u00e4ssiger Ansprechpartner. Nutzen Sie unseren Service f\u00fcr Modell\u00e4nderungen und Modellinstandhaltungen.[\/vc_column_text][\/vc_column][\/vc_row][vc_row][vc_column][vc_column_text]<\/p>\n<h3>Kernmacherei<\/h3>\n<p>Wenn bei der Gie\u00dfereitechnik \u00fcber Kernschie\u00dfen gesprochen wird, ist damit ein maschinelles Verfahren zum Herstellen von Kernen, mit sogenannten Kernschie\u00dfmaschinen gemeint.<\/p>\n<p>In unserer hauseigenen Kernmacherei ist es uns m\u00f6glich zeitnah Kerne f\u00fcr unsere Formerei herzustellen. Die uns zur Verf\u00fcgung stehenden Kernschie\u00dfmaschinen k\u00f6nnen sowohl manuell als auch maschinell bet\u00e4tigt werden und arbeiten im Cold-Box Verfahren.<\/p>\n<p>Das Cold-Box Verfahren zeichnet sich dadurch aus, dass anstelle von erw\u00e4rmten Kernk\u00e4sten, kalte eingesetzt werden. Da das Verfahren komplexe Kerngeometrien mit hoher Produktivit\u00e4t erzeugt, geh\u00f6rt es mittlerweile zu den f\u00fchrenden Kernherstellungsverfahren.<\/p>\n<p>Unsere Kernschie\u00dfmaschinen arbeiten mit einem Schie\u00dfvolumen von bis zu 25 Litern und einer Kernkastenh\u00f6he von bis zu 500 mm.[\/vc_column_text][\/vc_column][\/vc_row][vc_row][vc_column][vc_column_text]<\/p>\n<h3>Schmelzbetrieb<\/h3>\n<p>Das Herzst\u00fcck einer jeden Gie\u00dferei ist der Schmelzbetrieb. Hier wird die Basis f\u00fcr konstante Qualit\u00e4t im Grau- und Sph\u00e4roguss gelegt. Unser Schmelzbetrieb besteht aus zwei Kaltwindkupol\u00f6fen (Schacht\u00f6fen), welche eine Schmelzleistung von 3,5t\/h erzeugen. Die Schmelztemperatur wird mittels Gie\u00dfereischmelzkoks erreicht.<\/p>\n<p>Um zu einem optimalen Ergebnis zu gelangen, legen wir besonderes Augenmerk auf die Auswahl unserer zu verarbeitenden Vormaterialien. Denn nur ausgew\u00e4hlte und gepr\u00fcfte Materialien f\u00fchren zu guter Qualit\u00e4t.<\/p>\n<p>Zum Einsatz kommen Materialien wie beispielsweise Roheisen, Stahlschrott, Kreislaufmaterial und Maschinengussbruch, mit deren Hilfe die Kreislaufwirtschaft unterst\u00fctzt wird. So ist es uns m\u00f6glich, ohne gro\u00dfe Verschwendung und im Sinne der Ressourcenschonung, bestehende Materialien zu neuem Ausgangsmaterial aufzubereiten.[\/vc_column_text][\/vc_column][\/vc_row][vc_row][vc_column][vc_column_text]<\/p>\n<h3>Formerei<\/h3>\n<p>Hier wird das fl\u00fcssige Eisen in Form gebracht. Durch verschiedene Bauarten unserer R\u00fcttel-Press-Wend- und Stiftabhebe-Formmaschinen, sind wir in der Lage unser Sortiment \/ unsere Produktion in der Formerei kurzfristig umzustellen. Dies erm\u00f6glicht uns ein schnelles Ausliefern von Gussteilen im Ersatzteilbereich.<\/p>\n<p>Unser gro\u00dfes Sortiment an verschiedenen Formk\u00e4sten macht es uns m\u00f6glich unsere Produkte wirtschaftlich und zu wettbewerbsf\u00e4higen St\u00fcckpreisen unseren Kunden anzubieten.[\/vc_column_text][\/vc_column][\/vc_row][vc_row][vc_column][vc_column_text]<\/p>\n<h3>Unsere Leistungen<\/h3>\n<p>[\/vc_column_text][vc_wp_custommenu nav_menu=&#8220;4&#8243;][\/vc_column][\/vc_row]<\/p>\n","protected":false},"excerpt":{"rendered":"<p>[vc_row][vc_column][vc_column_text]Home \u00bb Leistungen \u00bb Gie\u00dferei[\/vc_column_text][vc_column_text] Gie\u00dferei \/ Gie\u00dftechnik Vom Rohmaterial bis zum fertigen Gussteil sind viele Arbeitsschritte notwendig, die wir in unserem Unternehmen vereinen: Modellbau, Kernmacherei, Schmelzbetrieb und Formerei Jedes ma\u00dfgeschneiderte Gussteil durchl\u00e4uft verschiedene Abteilungen, bevor es an den Kunden weitergeben werden kann. Gut \u00fcberlegte Vorbereitungen und eine verl\u00e4ssliche Maschinerie bilden die Grundlage f\u00fcr ein [&hellip;]<\/p>\n","protected":false},"author":2,"featured_media":0,"parent":1593,"menu_order":0,"comment_status":"closed","ping_status":"closed","template":"","meta":{"footnotes":""},"class_list":["post-1963","page","type-page","status-publish","hentry"],"yoast_head":"<!-- This site is optimized with the Yoast SEO plugin v27.4 - https:\/\/yoast.com\/product\/yoast-seo-wordpress\/ -->\n<title>Leistungen Gie\u00dferei - DiMatteo Eisengie\u00dferei<\/title>\n<meta name=\"description\" content=\"Vom Rohmaterial zum fertigen Gussteil sind viele Arbeitsschritte notwendig, die wir vereinen: Modellbau, Kernmacherei, Schmelzbetrieb und Formerei.\" \/>\n<meta name=\"robots\" content=\"index, follow, max-snippet:-1, max-image-preview:large, max-video-preview:-1\" \/>\n<link rel=\"canonical\" href=\"https:\/\/www.dimatteo-eisengiesserei.de\/?page_id=1963\" \/>\n<meta property=\"og:locale\" content=\"de_DE\" \/>\n<meta property=\"og:type\" content=\"article\" \/>\n<meta property=\"og:title\" content=\"Leistungen Gie\u00dferei - DiMatteo Eisengie\u00dferei\" \/>\n<meta property=\"og:description\" content=\"Vom Rohmaterial zum fertigen Gussteil sind viele Arbeitsschritte notwendig, die wir vereinen: Modellbau, Kernmacherei, Schmelzbetrieb und Formerei.\" \/>\n<meta property=\"og:url\" content=\"https:\/\/www.dimatteo-eisengiesserei.de\/?page_id=1963\" \/>\n<meta property=\"og:site_name\" content=\"DI MATTEO Eisengie\u00dferei\" \/>\n<meta property=\"article:modified_time\" content=\"2017-12-02T14:11:49+00:00\" \/>\n<meta name=\"twitter:card\" content=\"summary_large_image\" \/>\n<meta name=\"twitter:label1\" content=\"Gesch\u00e4tzte Lesezeit\" \/>\n\t<meta name=\"twitter:data1\" content=\"3\u00a0Minuten\" \/>\n<script type=\"application\/ld+json\" class=\"yoast-schema-graph\">{\"@context\":\"https:\\\/\\\/schema.org\",\"@graph\":[{\"@type\":\"WebPage\",\"@id\":\"https:\\\/\\\/www.dimatteo-eisengiesserei.de\\\/?page_id=1963\",\"url\":\"https:\\\/\\\/www.dimatteo-eisengiesserei.de\\\/?page_id=1963\",\"name\":\"Leistungen Gie\u00dferei - DiMatteo Eisengie\u00dferei\",\"isPartOf\":{\"@id\":\"https:\\\/\\\/www.dimatteo-eisengiesserei.de\\\/#website\"},\"datePublished\":\"2015-05-05T07:41:36+00:00\",\"dateModified\":\"2017-12-02T14:11:49+00:00\",\"description\":\"Vom Rohmaterial zum fertigen Gussteil sind viele Arbeitsschritte notwendig, die wir vereinen: Modellbau, Kernmacherei, Schmelzbetrieb und Formerei.\",\"breadcrumb\":{\"@id\":\"https:\\\/\\\/www.dimatteo-eisengiesserei.de\\\/?page_id=1963#breadcrumb\"},\"inLanguage\":\"de\",\"potentialAction\":[{\"@type\":\"ReadAction\",\"target\":[\"https:\\\/\\\/www.dimatteo-eisengiesserei.de\\\/?page_id=1963\"]}]},{\"@type\":\"BreadcrumbList\",\"@id\":\"https:\\\/\\\/www.dimatteo-eisengiesserei.de\\\/?page_id=1963#breadcrumb\",\"itemListElement\":[{\"@type\":\"ListItem\",\"position\":1,\"name\":\"Startseite\",\"item\":\"https:\\\/\\\/www.dimatteo-eisengiesserei.de\\\/\"},{\"@type\":\"ListItem\",\"position\":2,\"name\":\"Leistungen\",\"item\":\"https:\\\/\\\/www.dimatteo-eisengiesserei.de\\\/?page_id=1593\"},{\"@type\":\"ListItem\",\"position\":3,\"name\":\"Gie\u00dferei\"}]},{\"@type\":\"WebSite\",\"@id\":\"https:\\\/\\\/www.dimatteo-eisengiesserei.de\\\/#website\",\"url\":\"https:\\\/\\\/www.dimatteo-eisengiesserei.de\\\/\",\"name\":\"DI MATTEO Eisengie\u00dferei\",\"description\":\"DI MATTEO Eisengie\u00dferei\",\"publisher\":{\"@id\":\"https:\\\/\\\/www.dimatteo-eisengiesserei.de\\\/#organization\"},\"potentialAction\":[{\"@type\":\"SearchAction\",\"target\":{\"@type\":\"EntryPoint\",\"urlTemplate\":\"https:\\\/\\\/www.dimatteo-eisengiesserei.de\\\/?s={search_term_string}\"},\"query-input\":{\"@type\":\"PropertyValueSpecification\",\"valueRequired\":true,\"valueName\":\"search_term_string\"}}],\"inLanguage\":\"de\"},{\"@type\":\"Organization\",\"@id\":\"https:\\\/\\\/www.dimatteo-eisengiesserei.de\\\/#organization\",\"name\":\"DiMatteo Eisengie\u00dferei\",\"url\":\"https:\\\/\\\/www.dimatteo-eisengiesserei.de\\\/\",\"logo\":{\"@type\":\"ImageObject\",\"inLanguage\":\"de\",\"@id\":\"https:\\\/\\\/www.dimatteo-eisengiesserei.de\\\/#\\\/schema\\\/logo\\\/image\\\/\",\"url\":\"https:\\\/\\\/www.dimatteo-eisengiesserei.de\\\/wp-content\\\/uploads\\\/2017\\\/11\\\/matteo-eisengiesserei-logo.png\",\"contentUrl\":\"https:\\\/\\\/www.dimatteo-eisengiesserei.de\\\/wp-content\\\/uploads\\\/2017\\\/11\\\/matteo-eisengiesserei-logo.png\",\"width\":1200,\"height\":62,\"caption\":\"DiMatteo Eisengie\u00dferei\"},\"image\":{\"@id\":\"https:\\\/\\\/www.dimatteo-eisengiesserei.de\\\/#\\\/schema\\\/logo\\\/image\\\/\"}}]}<\/script>\n<!-- \/ Yoast SEO plugin. -->","yoast_head_json":{"title":"Leistungen Gie\u00dferei - DiMatteo Eisengie\u00dferei","description":"Vom Rohmaterial zum fertigen Gussteil sind viele Arbeitsschritte notwendig, die wir vereinen: Modellbau, Kernmacherei, Schmelzbetrieb und Formerei.","robots":{"index":"index","follow":"follow","max-snippet":"max-snippet:-1","max-image-preview":"max-image-preview:large","max-video-preview":"max-video-preview:-1"},"canonical":"https:\/\/www.dimatteo-eisengiesserei.de\/?page_id=1963","og_locale":"de_DE","og_type":"article","og_title":"Leistungen Gie\u00dferei - DiMatteo Eisengie\u00dferei","og_description":"Vom Rohmaterial zum fertigen Gussteil sind viele Arbeitsschritte notwendig, die wir vereinen: Modellbau, Kernmacherei, Schmelzbetrieb und Formerei.","og_url":"https:\/\/www.dimatteo-eisengiesserei.de\/?page_id=1963","og_site_name":"DI MATTEO Eisengie\u00dferei","article_modified_time":"2017-12-02T14:11:49+00:00","twitter_card":"summary_large_image","twitter_misc":{"Gesch\u00e4tzte Lesezeit":"3\u00a0Minuten"},"schema":{"@context":"https:\/\/schema.org","@graph":[{"@type":"WebPage","@id":"https:\/\/www.dimatteo-eisengiesserei.de\/?page_id=1963","url":"https:\/\/www.dimatteo-eisengiesserei.de\/?page_id=1963","name":"Leistungen Gie\u00dferei - DiMatteo Eisengie\u00dferei","isPartOf":{"@id":"https:\/\/www.dimatteo-eisengiesserei.de\/#website"},"datePublished":"2015-05-05T07:41:36+00:00","dateModified":"2017-12-02T14:11:49+00:00","description":"Vom Rohmaterial zum fertigen Gussteil sind viele Arbeitsschritte notwendig, die wir vereinen: Modellbau, Kernmacherei, Schmelzbetrieb und Formerei.","breadcrumb":{"@id":"https:\/\/www.dimatteo-eisengiesserei.de\/?page_id=1963#breadcrumb"},"inLanguage":"de","potentialAction":[{"@type":"ReadAction","target":["https:\/\/www.dimatteo-eisengiesserei.de\/?page_id=1963"]}]},{"@type":"BreadcrumbList","@id":"https:\/\/www.dimatteo-eisengiesserei.de\/?page_id=1963#breadcrumb","itemListElement":[{"@type":"ListItem","position":1,"name":"Startseite","item":"https:\/\/www.dimatteo-eisengiesserei.de\/"},{"@type":"ListItem","position":2,"name":"Leistungen","item":"https:\/\/www.dimatteo-eisengiesserei.de\/?page_id=1593"},{"@type":"ListItem","position":3,"name":"Gie\u00dferei"}]},{"@type":"WebSite","@id":"https:\/\/www.dimatteo-eisengiesserei.de\/#website","url":"https:\/\/www.dimatteo-eisengiesserei.de\/","name":"DI MATTEO Eisengie\u00dferei","description":"DI MATTEO Eisengie\u00dferei","publisher":{"@id":"https:\/\/www.dimatteo-eisengiesserei.de\/#organization"},"potentialAction":[{"@type":"SearchAction","target":{"@type":"EntryPoint","urlTemplate":"https:\/\/www.dimatteo-eisengiesserei.de\/?s={search_term_string}"},"query-input":{"@type":"PropertyValueSpecification","valueRequired":true,"valueName":"search_term_string"}}],"inLanguage":"de"},{"@type":"Organization","@id":"https:\/\/www.dimatteo-eisengiesserei.de\/#organization","name":"DiMatteo Eisengie\u00dferei","url":"https:\/\/www.dimatteo-eisengiesserei.de\/","logo":{"@type":"ImageObject","inLanguage":"de","@id":"https:\/\/www.dimatteo-eisengiesserei.de\/#\/schema\/logo\/image\/","url":"https:\/\/www.dimatteo-eisengiesserei.de\/wp-content\/uploads\/2017\/11\/matteo-eisengiesserei-logo.png","contentUrl":"https:\/\/www.dimatteo-eisengiesserei.de\/wp-content\/uploads\/2017\/11\/matteo-eisengiesserei-logo.png","width":1200,"height":62,"caption":"DiMatteo Eisengie\u00dferei"},"image":{"@id":"https:\/\/www.dimatteo-eisengiesserei.de\/#\/schema\/logo\/image\/"}}]}},"_links":{"self":[{"href":"https:\/\/www.dimatteo-eisengiesserei.de\/index.php?rest_route=\/wp\/v2\/pages\/1963","targetHints":{"allow":["GET"]}}],"collection":[{"href":"https:\/\/www.dimatteo-eisengiesserei.de\/index.php?rest_route=\/wp\/v2\/pages"}],"about":[{"href":"https:\/\/www.dimatteo-eisengiesserei.de\/index.php?rest_route=\/wp\/v2\/types\/page"}],"author":[{"embeddable":true,"href":"https:\/\/www.dimatteo-eisengiesserei.de\/index.php?rest_route=\/wp\/v2\/users\/2"}],"replies":[{"embeddable":true,"href":"https:\/\/www.dimatteo-eisengiesserei.de\/index.php?rest_route=%2Fwp%2Fv2%2Fcomments&post=1963"}],"version-history":[{"count":1,"href":"https:\/\/www.dimatteo-eisengiesserei.de\/index.php?rest_route=\/wp\/v2\/pages\/1963\/revisions"}],"predecessor-version":[{"id":4121,"href":"https:\/\/www.dimatteo-eisengiesserei.de\/index.php?rest_route=\/wp\/v2\/pages\/1963\/revisions\/4121"}],"up":[{"embeddable":true,"href":"https:\/\/www.dimatteo-eisengiesserei.de\/index.php?rest_route=\/wp\/v2\/pages\/1593"}],"wp:attachment":[{"href":"https:\/\/www.dimatteo-eisengiesserei.de\/index.php?rest_route=%2Fwp%2Fv2%2Fmedia&parent=1963"}],"curies":[{"name":"wp","href":"https:\/\/api.w.org\/{rel}","templated":true}]}}