{"id":1611,"date":"2015-03-17T08:14:05","date_gmt":"2015-03-17T07:14:05","guid":{"rendered":"http:\/\/www.jens-henning.de\/?page_id=1611"},"modified":"2017-12-02T15:16:05","modified_gmt":"2017-12-02T14:16:05","slug":"werkstoffe","status":"publish","type":"page","link":"https:\/\/www.dimatteo-eisengiesserei.de\/?page_id=1611","title":{"rendered":"Werkstoffe"},"content":{"rendered":"<p>[vc_row][vc_column][vc_column_text]<a href=\"http:\/\/www.dimatteo-eisengiesserei.de\/homehome\/\">Home<\/a> \u00bb Werkstoffe[\/vc_column_text][vc_column_text]<\/p>\n<h1>Werkstoffe<\/h1>\n<h2>Bei uns finden Sie f\u00fcr jede Anforderung den passenden Werkstoff \u2013 je nach Anwendung bieten wir Ihnen unterschiedliche Werkstoffe<\/h2>\n<p>Gussprodukte werden in den unterschiedlichsten Branchen eingesetzt und m\u00fcssen sich verschiedenen Belastungen (wie beispielweise Verschlei\u00df, Korrosion, Hitze usw.) aussetzen. Gemeinsam mit unserem Kunden analysieren und bewerten wir die spezifischen Eigenschaften, die Ihre Gussteile f\u00fcr die Anwendung ben\u00f6tigen. Anschlie\u00dfend beraten wir Sie gerne und w\u00e4hlen zusammen mit Ihnen das passende Gussmaterial aus.<\/p>\n<p><strong>Gusseisen mit Lamellengraphit (Grauguss) nach DIN EN 1561<\/strong><br \/>\nDas Gusseisen mit Lamellengraphit ist die einfachste und h\u00e4ufigste Gusseisensorte. In diesem Gusseisen liegt der Graphit in d\u00fcnnen, unregelm\u00e4\u00dfig geformten Lamellen vor. Da die Lamellen innerhalb des Werkstoffes wie kleine Kerben wirken, senken sie die Zugfestigkeit und der Werkstoff ist somit vergleichsweise spr\u00f6de. Allerdings ist die Druckfestigkeit wesentlich h\u00f6her als die Zugfestigkeit (fast das 4-fche der Zugfestigkeit). Besonders Vorteilhaft wirken sich die Lamellen bei den D\u00e4mpfungseigenschaften (die Graphitlamellen wirken wie kleine Sto\u00dfd\u00e4mpfer) und der W\u00e4rmeleitf\u00e4higkeit aus. Au\u00dferdem k\u00f6nnen die Lamellen dem Gusseisen Selbstschmiereigenschaften verleihen. Zudem \u00fcberzeugt der Grauguss durch seine gute Gie\u00dff\u00e4higkeit und die leichte Verarbeitung.<\/p>\n<ul>\n<li>EN-GJL-150 (fr\u00fcher: GG15) bis EN-GJL-350 (fr\u00fcher: GG35)<\/li>\n<li>St\u00fcckgewichte von 0,1kg bis 700,0kg umsetzbar<\/li>\n<\/ul>\n<p><strong>Gusseisen mit Kugelgraphit (Sph\u00e4roguss) nach DIN EN 1563<\/strong><br \/>\nSph\u00e4roguss ist ein Eisen-Kohlen-Gusswerkstoff und wird, anders als beim Gusseisen mit Lamellengraphit, durch die Ausbildung der kugelf\u00f6rmigen Struktur bestimmt. Gusseisen mit Kugelgraphit \u00fcberzeugt vor allem durch seine hervorragenden mechanischen Eigenschaften, seine kosteng\u00fcnstigen Herstellbarkeit und seiner guten Bearbeitbarkeit. Zudem verf\u00fcgt das Gusseisen mit Kugelgraphit \u00fcber eine hohe Dehnbarkeit bei gro\u00dfer Zugfestigkeit. Dadurch findet der Sph\u00e4roguss breite Verwendung in den Industrien. Die Verschlei\u00dffestigkeit, die Temperatur- und Korrosionsbest\u00e4ndigkeit kann durch zus\u00e4tzliche Legierungen weiter erh\u00f6ht werden.<br \/>\nstahl\u00e4hnliche mechanische Eigenschaften<\/p>\n<ul>\n<li>EN-GJS-400-15 (fr\u00fcher: GGG40) bis EN-GJS-700-2 (fr\u00fcher: GGG70)<\/li>\n<li>St\u00fcckgewichte von 0,1kg bis 350kg umsetzbar<\/li>\n<\/ul>\n<p>[\/vc_column_text][\/vc_column][\/vc_row]<\/p>\n","protected":false},"excerpt":{"rendered":"<p>[vc_row][vc_column][vc_column_text]Home \u00bb Werkstoffe[\/vc_column_text][vc_column_text] Werkstoffe Bei uns finden Sie f\u00fcr jede Anforderung den passenden Werkstoff \u2013 je nach Anwendung bieten wir Ihnen unterschiedliche Werkstoffe Gussprodukte werden in den unterschiedlichsten Branchen eingesetzt und m\u00fcssen sich verschiedenen Belastungen (wie beispielweise Verschlei\u00df, Korrosion, Hitze usw.) aussetzen. Gemeinsam mit unserem Kunden analysieren und bewerten wir die spezifischen Eigenschaften, die Ihre [&hellip;]<\/p>\n","protected":false},"author":2,"featured_media":0,"parent":0,"menu_order":0,"comment_status":"closed","ping_status":"closed","template":"","meta":{"footnotes":""},"class_list":["post-1611","page","type-page","status-publish","hentry"],"yoast_head":"<!-- This site is optimized with the Yoast SEO plugin v27.5 - https:\/\/yoast.com\/product\/yoast-seo-wordpress\/ -->\n<title>Werkstoffe - Di Matteo Eisengie\u00dferei<\/title>\n<meta name=\"description\" content=\"Bei uns finden Sie f\u00fcr jede Anforderung den passenden Werkstoff \u2013 je nach Anwendung bieten wir Ihnen unterschiedliche Werkstoffe.\" \/>\n<meta name=\"robots\" content=\"index, follow, max-snippet:-1, max-image-preview:large, max-video-preview:-1\" \/>\n<link rel=\"canonical\" href=\"https:\/\/www.dimatteo-eisengiesserei.de\/?page_id=1611\" \/>\n<meta property=\"og:locale\" content=\"de_DE\" \/>\n<meta property=\"og:type\" content=\"article\" \/>\n<meta property=\"og:title\" content=\"Werkstoffe - Di Matteo Eisengie\u00dferei\" \/>\n<meta property=\"og:description\" content=\"Bei uns finden Sie f\u00fcr jede Anforderung den passenden Werkstoff \u2013 je nach Anwendung bieten wir Ihnen unterschiedliche Werkstoffe.\" \/>\n<meta property=\"og:url\" content=\"https:\/\/www.dimatteo-eisengiesserei.de\/?page_id=1611\" \/>\n<meta property=\"og:site_name\" content=\"DI MATTEO Eisengie\u00dferei\" \/>\n<meta property=\"article:modified_time\" content=\"2017-12-02T14:16:05+00:00\" \/>\n<meta name=\"twitter:card\" content=\"summary_large_image\" \/>\n<meta name=\"twitter:label1\" content=\"Gesch\u00e4tzte Lesezeit\" \/>\n\t<meta name=\"twitter:data1\" content=\"2\u00a0Minuten\" \/>\n<script type=\"application\/ld+json\" class=\"yoast-schema-graph\">{\"@context\":\"https:\\\/\\\/schema.org\",\"@graph\":[{\"@type\":\"WebPage\",\"@id\":\"https:\\\/\\\/www.dimatteo-eisengiesserei.de\\\/?page_id=1611\",\"url\":\"https:\\\/\\\/www.dimatteo-eisengiesserei.de\\\/?page_id=1611\",\"name\":\"Werkstoffe - Di Matteo Eisengie\u00dferei\",\"isPartOf\":{\"@id\":\"https:\\\/\\\/www.dimatteo-eisengiesserei.de\\\/#website\"},\"datePublished\":\"2015-03-17T07:14:05+00:00\",\"dateModified\":\"2017-12-02T14:16:05+00:00\",\"description\":\"Bei uns finden Sie f\u00fcr jede Anforderung den passenden Werkstoff \u2013 je nach Anwendung bieten wir Ihnen unterschiedliche Werkstoffe.\",\"breadcrumb\":{\"@id\":\"https:\\\/\\\/www.dimatteo-eisengiesserei.de\\\/?page_id=1611#breadcrumb\"},\"inLanguage\":\"de\",\"potentialAction\":[{\"@type\":\"ReadAction\",\"target\":[\"https:\\\/\\\/www.dimatteo-eisengiesserei.de\\\/?page_id=1611\"]}]},{\"@type\":\"BreadcrumbList\",\"@id\":\"https:\\\/\\\/www.dimatteo-eisengiesserei.de\\\/?page_id=1611#breadcrumb\",\"itemListElement\":[{\"@type\":\"ListItem\",\"position\":1,\"name\":\"Startseite\",\"item\":\"https:\\\/\\\/www.dimatteo-eisengiesserei.de\\\/\"},{\"@type\":\"ListItem\",\"position\":2,\"name\":\"Werkstoffe\"}]},{\"@type\":\"WebSite\",\"@id\":\"https:\\\/\\\/www.dimatteo-eisengiesserei.de\\\/#website\",\"url\":\"https:\\\/\\\/www.dimatteo-eisengiesserei.de\\\/\",\"name\":\"DI MATTEO Eisengie\u00dferei\",\"description\":\"DI MATTEO Eisengie\u00dferei\",\"publisher\":{\"@id\":\"https:\\\/\\\/www.dimatteo-eisengiesserei.de\\\/#organization\"},\"potentialAction\":[{\"@type\":\"SearchAction\",\"target\":{\"@type\":\"EntryPoint\",\"urlTemplate\":\"https:\\\/\\\/www.dimatteo-eisengiesserei.de\\\/?s={search_term_string}\"},\"query-input\":{\"@type\":\"PropertyValueSpecification\",\"valueRequired\":true,\"valueName\":\"search_term_string\"}}],\"inLanguage\":\"de\"},{\"@type\":\"Organization\",\"@id\":\"https:\\\/\\\/www.dimatteo-eisengiesserei.de\\\/#organization\",\"name\":\"DiMatteo Eisengie\u00dferei\",\"url\":\"https:\\\/\\\/www.dimatteo-eisengiesserei.de\\\/\",\"logo\":{\"@type\":\"ImageObject\",\"inLanguage\":\"de\",\"@id\":\"https:\\\/\\\/www.dimatteo-eisengiesserei.de\\\/#\\\/schema\\\/logo\\\/image\\\/\",\"url\":\"https:\\\/\\\/www.dimatteo-eisengiesserei.de\\\/wp-content\\\/uploads\\\/2017\\\/11\\\/matteo-eisengiesserei-logo.png\",\"contentUrl\":\"https:\\\/\\\/www.dimatteo-eisengiesserei.de\\\/wp-content\\\/uploads\\\/2017\\\/11\\\/matteo-eisengiesserei-logo.png\",\"width\":1200,\"height\":62,\"caption\":\"DiMatteo Eisengie\u00dferei\"},\"image\":{\"@id\":\"https:\\\/\\\/www.dimatteo-eisengiesserei.de\\\/#\\\/schema\\\/logo\\\/image\\\/\"}}]}<\/script>\n<!-- \/ Yoast SEO plugin. -->","yoast_head_json":{"title":"Werkstoffe - Di Matteo Eisengie\u00dferei","description":"Bei uns finden Sie f\u00fcr jede Anforderung den passenden Werkstoff \u2013 je nach Anwendung bieten wir Ihnen unterschiedliche Werkstoffe.","robots":{"index":"index","follow":"follow","max-snippet":"max-snippet:-1","max-image-preview":"max-image-preview:large","max-video-preview":"max-video-preview:-1"},"canonical":"https:\/\/www.dimatteo-eisengiesserei.de\/?page_id=1611","og_locale":"de_DE","og_type":"article","og_title":"Werkstoffe - Di Matteo Eisengie\u00dferei","og_description":"Bei uns finden Sie f\u00fcr jede Anforderung den passenden Werkstoff \u2013 je nach Anwendung bieten wir Ihnen unterschiedliche Werkstoffe.","og_url":"https:\/\/www.dimatteo-eisengiesserei.de\/?page_id=1611","og_site_name":"DI MATTEO Eisengie\u00dferei","article_modified_time":"2017-12-02T14:16:05+00:00","twitter_card":"summary_large_image","twitter_misc":{"Gesch\u00e4tzte Lesezeit":"2\u00a0Minuten"},"schema":{"@context":"https:\/\/schema.org","@graph":[{"@type":"WebPage","@id":"https:\/\/www.dimatteo-eisengiesserei.de\/?page_id=1611","url":"https:\/\/www.dimatteo-eisengiesserei.de\/?page_id=1611","name":"Werkstoffe - Di Matteo Eisengie\u00dferei","isPartOf":{"@id":"https:\/\/www.dimatteo-eisengiesserei.de\/#website"},"datePublished":"2015-03-17T07:14:05+00:00","dateModified":"2017-12-02T14:16:05+00:00","description":"Bei uns finden Sie f\u00fcr jede Anforderung den passenden Werkstoff \u2013 je nach Anwendung bieten wir Ihnen unterschiedliche Werkstoffe.","breadcrumb":{"@id":"https:\/\/www.dimatteo-eisengiesserei.de\/?page_id=1611#breadcrumb"},"inLanguage":"de","potentialAction":[{"@type":"ReadAction","target":["https:\/\/www.dimatteo-eisengiesserei.de\/?page_id=1611"]}]},{"@type":"BreadcrumbList","@id":"https:\/\/www.dimatteo-eisengiesserei.de\/?page_id=1611#breadcrumb","itemListElement":[{"@type":"ListItem","position":1,"name":"Startseite","item":"https:\/\/www.dimatteo-eisengiesserei.de\/"},{"@type":"ListItem","position":2,"name":"Werkstoffe"}]},{"@type":"WebSite","@id":"https:\/\/www.dimatteo-eisengiesserei.de\/#website","url":"https:\/\/www.dimatteo-eisengiesserei.de\/","name":"DI MATTEO Eisengie\u00dferei","description":"DI MATTEO Eisengie\u00dferei","publisher":{"@id":"https:\/\/www.dimatteo-eisengiesserei.de\/#organization"},"potentialAction":[{"@type":"SearchAction","target":{"@type":"EntryPoint","urlTemplate":"https:\/\/www.dimatteo-eisengiesserei.de\/?s={search_term_string}"},"query-input":{"@type":"PropertyValueSpecification","valueRequired":true,"valueName":"search_term_string"}}],"inLanguage":"de"},{"@type":"Organization","@id":"https:\/\/www.dimatteo-eisengiesserei.de\/#organization","name":"DiMatteo Eisengie\u00dferei","url":"https:\/\/www.dimatteo-eisengiesserei.de\/","logo":{"@type":"ImageObject","inLanguage":"de","@id":"https:\/\/www.dimatteo-eisengiesserei.de\/#\/schema\/logo\/image\/","url":"https:\/\/www.dimatteo-eisengiesserei.de\/wp-content\/uploads\/2017\/11\/matteo-eisengiesserei-logo.png","contentUrl":"https:\/\/www.dimatteo-eisengiesserei.de\/wp-content\/uploads\/2017\/11\/matteo-eisengiesserei-logo.png","width":1200,"height":62,"caption":"DiMatteo Eisengie\u00dferei"},"image":{"@id":"https:\/\/www.dimatteo-eisengiesserei.de\/#\/schema\/logo\/image\/"}}]}},"_links":{"self":[{"href":"https:\/\/www.dimatteo-eisengiesserei.de\/index.php?rest_route=\/wp\/v2\/pages\/1611","targetHints":{"allow":["GET"]}}],"collection":[{"href":"https:\/\/www.dimatteo-eisengiesserei.de\/index.php?rest_route=\/wp\/v2\/pages"}],"about":[{"href":"https:\/\/www.dimatteo-eisengiesserei.de\/index.php?rest_route=\/wp\/v2\/types\/page"}],"author":[{"embeddable":true,"href":"https:\/\/www.dimatteo-eisengiesserei.de\/index.php?rest_route=\/wp\/v2\/users\/2"}],"replies":[{"embeddable":true,"href":"https:\/\/www.dimatteo-eisengiesserei.de\/index.php?rest_route=%2Fwp%2Fv2%2Fcomments&post=1611"}],"version-history":[{"count":2,"href":"https:\/\/www.dimatteo-eisengiesserei.de\/index.php?rest_route=\/wp\/v2\/pages\/1611\/revisions"}],"predecessor-version":[{"id":4151,"href":"https:\/\/www.dimatteo-eisengiesserei.de\/index.php?rest_route=\/wp\/v2\/pages\/1611\/revisions\/4151"}],"wp:attachment":[{"href":"https:\/\/www.dimatteo-eisengiesserei.de\/index.php?rest_route=%2Fwp%2Fv2%2Fmedia&parent=1611"}],"curies":[{"name":"wp","href":"https:\/\/api.w.org\/{rel}","templated":true}]}}