{"id":1595,"date":"2015-03-17T08:10:37","date_gmt":"2015-03-17T07:10:37","guid":{"rendered":"http:\/\/www.jens-henning.de\/?page_id=1595"},"modified":"2017-12-02T15:06:15","modified_gmt":"2017-12-02T14:06:15","slug":"branchen","status":"publish","type":"page","link":"https:\/\/www.dimatteo-eisengiesserei.de\/?page_id=1595","title":{"rendered":"Branchen"},"content":{"rendered":"<p>[vc_row][vc_column][vc_column_text]<a href=\"http:\/\/www.dimatteo-eisengiesserei.de\/homehome\/\">Home<\/a> \u00bb Branchen[\/vc_column_text][vc_column_text]<\/p>\n<h1>Branchen<\/h1>\n<h2>Unsere Produkte sind in den verschiedensten Branchen im Einsatz \u2013 unser Hauptaugenmerk liegt dabei auf den vielf\u00e4ltigen Anforderungen und W\u00fcnschen unserer Kunden<\/h2>\n<p>Gussteile zeichnen sich besonders durch ihre robuste und langlebige Bauweise aus. In vielen Branchen werden Bauteile gefordert, die den verschiedensten Beanspruchungen standhalten m\u00fcssen. Wir fertigen und liefern Ihnen je nach Anforderung die passenden Produkte aus unserem Gusssortiment. Um Ihnen einen kleinen \u00dcberblick \u00fcber unser Leistungsspektrum zu verschaffen, finden Sie folgend einen Ausschnitt unserer Einsatzgebiete.[\/vc_column_text][vc_column_text]<\/p>\n<h3>Gussteile f\u00fcr die Antriebstechnik<\/h3>\n<p>Bauteile die Ihre Anwendung in der Antriebstechnik finden, sind extremen Beanspruchungen ausgesetzt. Unsere Gussteile werden daher mit einer besonders hohen G\u00fctestufe und den verschiedensten Werkstoffen gefertigt, um den mechanischen und auch thermischen Belastungen standzuhalten. Zu den g\u00e4ngigen Produkten unseres Portfolios z\u00e4hlen beispielsweise Zahnr\u00e4der, Zahnstangen etc.[\/vc_column_text][vc_column_text]<\/p>\n<h3>Gussteile f\u00fcr die F\u00f6rdertechnik<\/h3>\n<p>Die DI MATTEO F\u00f6rderanlagen GmbH &amp; Co. KG in Beckum ist Teil unserer <a href=\"http:\/\/www.dimatteo.de\">DI MATTEO Firmengruppe<\/a>. Die DI MATTEO Eisengie\u00dferei bietet Ihnen, zusammen mit der fast 50 j\u00e4hrigen Erfahrung rund um die F\u00f6rdertechnik, die optimalen Gussteile f\u00fcr diesen Bereich.[\/vc_column_text][vc_column_text]<\/p>\n<h3>Kunstgussteile jeglicher Art<\/h3>\n<p>Zu unseren Kunstgussteilen geh\u00f6ren Kandelaber, Jagdmotive, Ofenplatten, Roste f\u00fcr Holzvergaserofen und vieles mehr. Weitere Informationen zu diesem Bereich finden Sie unter unserer Seite \u201e<a href=\"http:\/\/www.dimatteo-eisengiesserei.de\/kunstguss\/\">Kunstguss<\/a>\u201c.[\/vc_column_text][vc_column_text]<\/p>\n<h3>Gussteile f\u00fcr den Pumpenbau<\/h3>\n<p>In der Pumpenindustrie werden Bauteile mit hoher Korrosions- und Verschlei\u00dfbest\u00e4ndigkeit bevorzugt, da diese oft mit aggressiven gasf\u00f6rmigen und fl\u00fcssigen Medien in Ber\u00fchrung kommen. Unsere Produkte erf\u00fcllen diese Anforderungen und werden sowohl in Fl\u00fcssigkeits- als auch Gaspumpen eingesetzt. Typische Produkte in diesem Bereich sind beispielsweise Laufr\u00e4der, Saugr\u00e4der, Pumpengeh\u00e4use usw.[\/vc_column_text][vc_column_text]<\/p>\n<h3>Gussteile f\u00fcr die Br\u00fcckenentw\u00e4sserungstechnik<\/h3>\n<p>Auch in der Br\u00fcckenentw\u00e4sserungstechnik werden Gussteile eingesetzt, da diese den extremen Belastungen dieser Branche dauerhaft standhalten k\u00f6nnen. Der Austausch dieser Bauteile ist mit hohem Aufwand und entsprechend hohen Kosten verbunden, da diese nur schwer zug\u00e4nglich sind. Daher werden Produkte eingesetzt, die den hohen Anspr\u00fcchen gerecht werden. Unter anderem stellen wir Rost, Rahmen und Unterteile f\u00fcr diese Branche her.<\/p>\n<p><strong>Weitere Beispiele wo Sie unsere Produkte im Einsatz finden:<\/strong><\/p>\n<ul>\n<li>Getriebebau<\/li>\n<li>Maschinenbau allgemein<\/li>\n<li>Saatgutreinigungstechnik<\/li>\n<\/ul>\n<p>[\/vc_column_text][\/vc_column][\/vc_row][vc_row][vc_column][\/vc_column][\/vc_row]<\/p>\n","protected":false},"excerpt":{"rendered":"<p>[vc_row][vc_column][vc_column_text]Home \u00bb Branchen[\/vc_column_text][vc_column_text] Branchen Unsere Produkte sind in den verschiedensten Branchen im Einsatz \u2013 unser Hauptaugenmerk liegt dabei auf den vielf\u00e4ltigen Anforderungen und W\u00fcnschen unserer Kunden Gussteile zeichnen sich besonders durch ihre robuste und langlebige Bauweise aus. In vielen Branchen werden Bauteile gefordert, die den verschiedensten Beanspruchungen standhalten m\u00fcssen. Wir fertigen und liefern Ihnen je [&hellip;]<\/p>\n","protected":false},"author":2,"featured_media":0,"parent":0,"menu_order":0,"comment_status":"closed","ping_status":"closed","template":"","meta":{"footnotes":""},"class_list":["post-1595","page","type-page","status-publish","hentry"],"yoast_head":"<!-- This site is optimized with the Yoast SEO plugin v27.4 - https:\/\/yoast.com\/product\/yoast-seo-wordpress\/ -->\n<title>Branchen individuelle L\u00f6sungen - Di Matteo Eisengie\u00dferei<\/title>\n<meta name=\"description\" content=\"Unsere Produkte sind in den verschiedensten Branchen im Einsatz. Das Hauptaugenmerk liegt auf den vielf\u00e4ltigen Anforderungen und W\u00fcnschen unserer Kunden.\" \/>\n<meta name=\"robots\" content=\"index, follow, max-snippet:-1, max-image-preview:large, max-video-preview:-1\" \/>\n<link rel=\"canonical\" href=\"https:\/\/www.dimatteo-eisengiesserei.de\/?page_id=1595\" \/>\n<meta property=\"og:locale\" content=\"de_DE\" \/>\n<meta property=\"og:type\" content=\"article\" \/>\n<meta property=\"og:title\" content=\"Branchen individuelle L\u00f6sungen - Di Matteo Eisengie\u00dferei\" \/>\n<meta property=\"og:description\" content=\"Unsere Produkte sind in den verschiedensten Branchen im Einsatz. Das Hauptaugenmerk liegt auf den vielf\u00e4ltigen Anforderungen und W\u00fcnschen unserer Kunden.\" \/>\n<meta property=\"og:url\" content=\"https:\/\/www.dimatteo-eisengiesserei.de\/?page_id=1595\" \/>\n<meta property=\"og:site_name\" content=\"DI MATTEO Eisengie\u00dferei\" \/>\n<meta property=\"article:modified_time\" content=\"2017-12-02T14:06:15+00:00\" \/>\n<meta name=\"twitter:card\" content=\"summary_large_image\" \/>\n<meta name=\"twitter:label1\" content=\"Gesch\u00e4tzte Lesezeit\" \/>\n\t<meta name=\"twitter:data1\" content=\"2\u00a0Minuten\" \/>\n<script type=\"application\/ld+json\" class=\"yoast-schema-graph\">{\"@context\":\"https:\\\/\\\/schema.org\",\"@graph\":[{\"@type\":\"WebPage\",\"@id\":\"https:\\\/\\\/www.dimatteo-eisengiesserei.de\\\/?page_id=1595\",\"url\":\"https:\\\/\\\/www.dimatteo-eisengiesserei.de\\\/?page_id=1595\",\"name\":\"Branchen individuelle L\u00f6sungen - Di Matteo Eisengie\u00dferei\",\"isPartOf\":{\"@id\":\"https:\\\/\\\/www.dimatteo-eisengiesserei.de\\\/#website\"},\"datePublished\":\"2015-03-17T07:10:37+00:00\",\"dateModified\":\"2017-12-02T14:06:15+00:00\",\"description\":\"Unsere Produkte sind in den verschiedensten Branchen im Einsatz. Das Hauptaugenmerk liegt auf den vielf\u00e4ltigen Anforderungen und W\u00fcnschen unserer Kunden.\",\"breadcrumb\":{\"@id\":\"https:\\\/\\\/www.dimatteo-eisengiesserei.de\\\/?page_id=1595#breadcrumb\"},\"inLanguage\":\"de\",\"potentialAction\":[{\"@type\":\"ReadAction\",\"target\":[\"https:\\\/\\\/www.dimatteo-eisengiesserei.de\\\/?page_id=1595\"]}]},{\"@type\":\"BreadcrumbList\",\"@id\":\"https:\\\/\\\/www.dimatteo-eisengiesserei.de\\\/?page_id=1595#breadcrumb\",\"itemListElement\":[{\"@type\":\"ListItem\",\"position\":1,\"name\":\"Startseite\",\"item\":\"https:\\\/\\\/www.dimatteo-eisengiesserei.de\\\/\"},{\"@type\":\"ListItem\",\"position\":2,\"name\":\"Branchen\"}]},{\"@type\":\"WebSite\",\"@id\":\"https:\\\/\\\/www.dimatteo-eisengiesserei.de\\\/#website\",\"url\":\"https:\\\/\\\/www.dimatteo-eisengiesserei.de\\\/\",\"name\":\"DI MATTEO Eisengie\u00dferei\",\"description\":\"DI MATTEO Eisengie\u00dferei\",\"publisher\":{\"@id\":\"https:\\\/\\\/www.dimatteo-eisengiesserei.de\\\/#organization\"},\"potentialAction\":[{\"@type\":\"SearchAction\",\"target\":{\"@type\":\"EntryPoint\",\"urlTemplate\":\"https:\\\/\\\/www.dimatteo-eisengiesserei.de\\\/?s={search_term_string}\"},\"query-input\":{\"@type\":\"PropertyValueSpecification\",\"valueRequired\":true,\"valueName\":\"search_term_string\"}}],\"inLanguage\":\"de\"},{\"@type\":\"Organization\",\"@id\":\"https:\\\/\\\/www.dimatteo-eisengiesserei.de\\\/#organization\",\"name\":\"DiMatteo Eisengie\u00dferei\",\"url\":\"https:\\\/\\\/www.dimatteo-eisengiesserei.de\\\/\",\"logo\":{\"@type\":\"ImageObject\",\"inLanguage\":\"de\",\"@id\":\"https:\\\/\\\/www.dimatteo-eisengiesserei.de\\\/#\\\/schema\\\/logo\\\/image\\\/\",\"url\":\"https:\\\/\\\/www.dimatteo-eisengiesserei.de\\\/wp-content\\\/uploads\\\/2017\\\/11\\\/matteo-eisengiesserei-logo.png\",\"contentUrl\":\"https:\\\/\\\/www.dimatteo-eisengiesserei.de\\\/wp-content\\\/uploads\\\/2017\\\/11\\\/matteo-eisengiesserei-logo.png\",\"width\":1200,\"height\":62,\"caption\":\"DiMatteo Eisengie\u00dferei\"},\"image\":{\"@id\":\"https:\\\/\\\/www.dimatteo-eisengiesserei.de\\\/#\\\/schema\\\/logo\\\/image\\\/\"}}]}<\/script>\n<!-- \/ Yoast SEO plugin. -->","yoast_head_json":{"title":"Branchen individuelle L\u00f6sungen - Di Matteo Eisengie\u00dferei","description":"Unsere Produkte sind in den verschiedensten Branchen im Einsatz. Das Hauptaugenmerk liegt auf den vielf\u00e4ltigen Anforderungen und W\u00fcnschen unserer Kunden.","robots":{"index":"index","follow":"follow","max-snippet":"max-snippet:-1","max-image-preview":"max-image-preview:large","max-video-preview":"max-video-preview:-1"},"canonical":"https:\/\/www.dimatteo-eisengiesserei.de\/?page_id=1595","og_locale":"de_DE","og_type":"article","og_title":"Branchen individuelle L\u00f6sungen - Di Matteo Eisengie\u00dferei","og_description":"Unsere Produkte sind in den verschiedensten Branchen im Einsatz. Das Hauptaugenmerk liegt auf den vielf\u00e4ltigen Anforderungen und W\u00fcnschen unserer Kunden.","og_url":"https:\/\/www.dimatteo-eisengiesserei.de\/?page_id=1595","og_site_name":"DI MATTEO Eisengie\u00dferei","article_modified_time":"2017-12-02T14:06:15+00:00","twitter_card":"summary_large_image","twitter_misc":{"Gesch\u00e4tzte Lesezeit":"2\u00a0Minuten"},"schema":{"@context":"https:\/\/schema.org","@graph":[{"@type":"WebPage","@id":"https:\/\/www.dimatteo-eisengiesserei.de\/?page_id=1595","url":"https:\/\/www.dimatteo-eisengiesserei.de\/?page_id=1595","name":"Branchen individuelle L\u00f6sungen - Di Matteo Eisengie\u00dferei","isPartOf":{"@id":"https:\/\/www.dimatteo-eisengiesserei.de\/#website"},"datePublished":"2015-03-17T07:10:37+00:00","dateModified":"2017-12-02T14:06:15+00:00","description":"Unsere Produkte sind in den verschiedensten Branchen im Einsatz. Das Hauptaugenmerk liegt auf den vielf\u00e4ltigen Anforderungen und W\u00fcnschen unserer Kunden.","breadcrumb":{"@id":"https:\/\/www.dimatteo-eisengiesserei.de\/?page_id=1595#breadcrumb"},"inLanguage":"de","potentialAction":[{"@type":"ReadAction","target":["https:\/\/www.dimatteo-eisengiesserei.de\/?page_id=1595"]}]},{"@type":"BreadcrumbList","@id":"https:\/\/www.dimatteo-eisengiesserei.de\/?page_id=1595#breadcrumb","itemListElement":[{"@type":"ListItem","position":1,"name":"Startseite","item":"https:\/\/www.dimatteo-eisengiesserei.de\/"},{"@type":"ListItem","position":2,"name":"Branchen"}]},{"@type":"WebSite","@id":"https:\/\/www.dimatteo-eisengiesserei.de\/#website","url":"https:\/\/www.dimatteo-eisengiesserei.de\/","name":"DI MATTEO Eisengie\u00dferei","description":"DI MATTEO Eisengie\u00dferei","publisher":{"@id":"https:\/\/www.dimatteo-eisengiesserei.de\/#organization"},"potentialAction":[{"@type":"SearchAction","target":{"@type":"EntryPoint","urlTemplate":"https:\/\/www.dimatteo-eisengiesserei.de\/?s={search_term_string}"},"query-input":{"@type":"PropertyValueSpecification","valueRequired":true,"valueName":"search_term_string"}}],"inLanguage":"de"},{"@type":"Organization","@id":"https:\/\/www.dimatteo-eisengiesserei.de\/#organization","name":"DiMatteo Eisengie\u00dferei","url":"https:\/\/www.dimatteo-eisengiesserei.de\/","logo":{"@type":"ImageObject","inLanguage":"de","@id":"https:\/\/www.dimatteo-eisengiesserei.de\/#\/schema\/logo\/image\/","url":"https:\/\/www.dimatteo-eisengiesserei.de\/wp-content\/uploads\/2017\/11\/matteo-eisengiesserei-logo.png","contentUrl":"https:\/\/www.dimatteo-eisengiesserei.de\/wp-content\/uploads\/2017\/11\/matteo-eisengiesserei-logo.png","width":1200,"height":62,"caption":"DiMatteo Eisengie\u00dferei"},"image":{"@id":"https:\/\/www.dimatteo-eisengiesserei.de\/#\/schema\/logo\/image\/"}}]}},"_links":{"self":[{"href":"https:\/\/www.dimatteo-eisengiesserei.de\/index.php?rest_route=\/wp\/v2\/pages\/1595","targetHints":{"allow":["GET"]}}],"collection":[{"href":"https:\/\/www.dimatteo-eisengiesserei.de\/index.php?rest_route=\/wp\/v2\/pages"}],"about":[{"href":"https:\/\/www.dimatteo-eisengiesserei.de\/index.php?rest_route=\/wp\/v2\/types\/page"}],"author":[{"embeddable":true,"href":"https:\/\/www.dimatteo-eisengiesserei.de\/index.php?rest_route=\/wp\/v2\/users\/2"}],"replies":[{"embeddable":true,"href":"https:\/\/www.dimatteo-eisengiesserei.de\/index.php?rest_route=%2Fwp%2Fv2%2Fcomments&post=1595"}],"version-history":[{"count":2,"href":"https:\/\/www.dimatteo-eisengiesserei.de\/index.php?rest_route=\/wp\/v2\/pages\/1595\/revisions"}],"predecessor-version":[{"id":4113,"href":"https:\/\/www.dimatteo-eisengiesserei.de\/index.php?rest_route=\/wp\/v2\/pages\/1595\/revisions\/4113"}],"wp:attachment":[{"href":"https:\/\/www.dimatteo-eisengiesserei.de\/index.php?rest_route=%2Fwp%2Fv2%2Fmedia&parent=1595"}],"curies":[{"name":"wp","href":"https:\/\/api.w.org\/{rel}","templated":true}]}}