{"id":1593,"date":"2015-03-17T08:10:13","date_gmt":"2015-03-17T07:10:13","guid":{"rendered":"http:\/\/www.jens-henning.de\/?page_id=1593"},"modified":"2019-09-26T10:58:17","modified_gmt":"2019-09-26T08:58:17","slug":"leistungen","status":"publish","type":"page","link":"https:\/\/www.dimatteo-eisengiesserei.de\/?page_id=1593","title":{"rendered":"Leistungen"},"content":{"rendered":"<p>[vc_row][vc_column][vc_column_text]<a href=\"http:\/\/www.dimatteo-eisengiesserei.de\/homehome\/\">Home<\/a> \u00bb Leistungen[\/vc_column_text][vc_column_text]<\/p>\n<h1>Leistungen der DI MATTEO Eisengie\u00dferei<\/h1>\n<h2>Die Herstellung von Gussprodukten, sowie deren mechanische Bearbeitung und Oberfl\u00e4chenbehandlung z\u00e4hlen zu unseren Hauptkompetenzen<\/h2>\n<p>Als Systemlieferant bieten wir Ihnen anwendungs- und kundenspezifische Individuall\u00f6sungen. Wir befassen uns mit den Anforderungen und Belastungen Ihrer Branche, um Ihnen anschlie\u00dfend in einer professionellen Beratung Ihre M\u00f6glichkeiten aufzuzeigen und mit Ihnen zusammen eine Materialwahl zu treffen.<\/p>\n<p>Nach der Werkstoffwahl produzieren wir f\u00fcr Sie die gew\u00fcnschten Gusskomponenten und stehen Ihnen auch nach dem Gie\u00dfen f\u00fcr die mechanische Bearbeitung und Oberfl\u00e4chenbehandlung zur Verf\u00fcgung. \u00dcber den gesamten Wertsch\u00f6pfungsprozess haben Sie nur einen Ansprechpartner und vermeiden unn\u00f6tige Schnittstellen und somit auch m\u00f6gliche Fehlerquellen.<\/p>\n<p>Von der Beratung \u00fcber die Produktion bis hin zur Nachbearbeitung setzten wir auf eine vertrauensvolle und enge Zusammenarbeit mit unseren Kunden. Kundenzufriedenheit ist eines unserer obersten Ziele &#8211; dementsprechend hoch sind unsere Anspr\u00fcche an die Pr\u00e4zision, Qualit\u00e4t unserer Produkte sowie und an das Know-how unserer Mitarbeiter.[\/vc_column_text][\/vc_column][\/vc_row][vc_row][vc_column width=&#8220;1\/3&#8243;][vc_single_image image=&#8220;4024&#8243; img_size=&#8220;full&#8220; onclick=&#8220;custom_link&#8220; css=&#8220;.vc_custom_1511699374592{margin-bottom: 0px !important;border-bottom-width: 0px !important;padding-bottom: 0px !important;}&#8220; link=&#8220;\/?page_id=1963\/&#8220;][vc_column_text css=&#8220;.vc_custom_1511699328127{margin-top: 0px !important;border-top-width: 0px !important;padding-top: 3px !important;padding-right: 3px !important;padding-bottom: 3px !important;padding-left: 3px !important;background-color: #f5f5f5 !important;}&#8220;]<\/p>\n<p style=\"text-align: center;\"><a href=\"https:\/\/www.dimatteo-eisengiesserei.de\/?page_id=1963\"><strong>Gie\u00dferei<\/strong><\/a><\/p>\n<p>[\/vc_column_text][\/vc_column][vc_column width=&#8220;1\/3&#8243;][vc_single_image image=&#8220;4027&#8243; img_size=&#8220;full&#8220; onclick=&#8220;custom_link&#8220; css=&#8220;.vc_custom_1511699379524{margin-bottom: 0px !important;border-bottom-width: 0px !important;padding-bottom: 0px !important;}&#8220; link=&#8220;\/?page_id=2802\/&#8220;][vc_column_text css=&#8220;.vc_custom_1511699344811{margin-top: 0px !important;border-top-width: 0px !important;padding-top: 3px !important;padding-right: 3px !important;padding-bottom: 3px !important;padding-left: 3px !important;background-color: #f5f5f5 !important;}&#8220;]<\/p>\n<p style=\"text-align: center;\"><a href=\"https:\/\/www.dimatteo-eisengiesserei.de\/?page_id=2802\"><strong>Mechanische Bearbeitung<\/strong><\/a><\/p>\n<p>[\/vc_column_text][\/vc_column][vc_column width=&#8220;1\/3&#8243;][vc_single_image image=&#8220;4031&#8243; img_size=&#8220;full&#8220; onclick=&#8220;custom_link&#8220; css=&#8220;.vc_custom_1511699389148{margin-bottom: 0px !important;border-bottom-width: 0px !important;padding-bottom: 0px !important;}&#8220; link=&#8220;\/?page_id=3948\/&#8220;][vc_column_text css=&#8220;.vc_custom_1511699355803{margin-top: 0px !important;border-top-width: 0px !important;padding-top: 3px !important;padding-right: 3px !important;padding-bottom: 3px !important;padding-left: 3px !important;background-color: #f5f5f5 !important;}&#8220;]<\/p>\n<p style=\"text-align: center;\"><a href=\"https:\/\/www.dimatteo-eisengiesserei.de\/?page_id=3948\"><strong>Oberfl\u00e4chenbehandlung<\/strong><\/a><\/p>\n<p>[\/vc_column_text][\/vc_column][\/vc_row][vc_row][vc_column][vc_column_text]<\/p>\n<h3>Unsere Leistungen<\/h3>\n<p>[\/vc_column_text][vc_wp_custommenu nav_menu=&#8220;4&#8243;][\/vc_column][\/vc_row]<\/p>\n","protected":false},"excerpt":{"rendered":"<p>[vc_row][vc_column][vc_column_text]Home \u00bb Leistungen[\/vc_column_text][vc_column_text] Leistungen der DI MATTEO Eisengie\u00dferei Die Herstellung von Gussprodukten, sowie deren mechanische Bearbeitung und Oberfl\u00e4chenbehandlung z\u00e4hlen zu unseren Hauptkompetenzen Als Systemlieferant bieten wir Ihnen anwendungs- und kundenspezifische Individuall\u00f6sungen. Wir befassen uns mit den Anforderungen und Belastungen Ihrer Branche, um Ihnen anschlie\u00dfend in einer professionellen Beratung Ihre M\u00f6glichkeiten aufzuzeigen und mit Ihnen zusammen [&hellip;]<\/p>\n","protected":false},"author":2,"featured_media":0,"parent":0,"menu_order":0,"comment_status":"closed","ping_status":"closed","template":"","meta":{"footnotes":""},"class_list":["post-1593","page","type-page","status-publish","hentry"],"yoast_head":"<!-- This site is optimized with the Yoast SEO plugin v27.4 - https:\/\/yoast.com\/product\/yoast-seo-wordpress\/ -->\n<title>Leistungen - Di Matteo Eisengie\u00dferei<\/title>\n<meta name=\"description\" content=\"Die Herstellung von Gussprodukten, sowie deren mechanische Bearbeitung und Oberfl\u00e4chenbehandlung z\u00e4hlen zu unseren Hauptkompetenzen.\" \/>\n<meta name=\"robots\" content=\"index, follow, max-snippet:-1, max-image-preview:large, max-video-preview:-1\" \/>\n<link rel=\"canonical\" href=\"https:\/\/www.dimatteo-eisengiesserei.de\/?page_id=1593\" \/>\n<meta property=\"og:locale\" content=\"de_DE\" \/>\n<meta property=\"og:type\" content=\"article\" \/>\n<meta property=\"og:title\" content=\"Leistungen - Di Matteo Eisengie\u00dferei\" \/>\n<meta property=\"og:description\" content=\"Die Herstellung von Gussprodukten, sowie deren mechanische Bearbeitung und Oberfl\u00e4chenbehandlung z\u00e4hlen zu unseren Hauptkompetenzen.\" \/>\n<meta property=\"og:url\" content=\"https:\/\/www.dimatteo-eisengiesserei.de\/?page_id=1593\" \/>\n<meta property=\"og:site_name\" content=\"DI MATTEO Eisengie\u00dferei\" \/>\n<meta property=\"article:modified_time\" content=\"2019-09-26T08:58:17+00:00\" \/>\n<meta name=\"twitter:card\" content=\"summary_large_image\" \/>\n<meta name=\"twitter:label1\" content=\"Gesch\u00e4tzte Lesezeit\" \/>\n\t<meta name=\"twitter:data1\" content=\"2\u00a0Minuten\" \/>\n<script type=\"application\/ld+json\" class=\"yoast-schema-graph\">{\"@context\":\"https:\\\/\\\/schema.org\",\"@graph\":[{\"@type\":\"WebPage\",\"@id\":\"https:\\\/\\\/www.dimatteo-eisengiesserei.de\\\/?page_id=1593\",\"url\":\"https:\\\/\\\/www.dimatteo-eisengiesserei.de\\\/?page_id=1593\",\"name\":\"Leistungen - Di Matteo Eisengie\u00dferei\",\"isPartOf\":{\"@id\":\"https:\\\/\\\/www.dimatteo-eisengiesserei.de\\\/#website\"},\"datePublished\":\"2015-03-17T07:10:13+00:00\",\"dateModified\":\"2019-09-26T08:58:17+00:00\",\"description\":\"Die Herstellung von Gussprodukten, sowie deren mechanische Bearbeitung und Oberfl\u00e4chenbehandlung z\u00e4hlen zu unseren Hauptkompetenzen.\",\"breadcrumb\":{\"@id\":\"https:\\\/\\\/www.dimatteo-eisengiesserei.de\\\/?page_id=1593#breadcrumb\"},\"inLanguage\":\"de\",\"potentialAction\":[{\"@type\":\"ReadAction\",\"target\":[\"https:\\\/\\\/www.dimatteo-eisengiesserei.de\\\/?page_id=1593\"]}]},{\"@type\":\"BreadcrumbList\",\"@id\":\"https:\\\/\\\/www.dimatteo-eisengiesserei.de\\\/?page_id=1593#breadcrumb\",\"itemListElement\":[{\"@type\":\"ListItem\",\"position\":1,\"name\":\"Startseite\",\"item\":\"https:\\\/\\\/www.dimatteo-eisengiesserei.de\\\/\"},{\"@type\":\"ListItem\",\"position\":2,\"name\":\"Leistungen\"}]},{\"@type\":\"WebSite\",\"@id\":\"https:\\\/\\\/www.dimatteo-eisengiesserei.de\\\/#website\",\"url\":\"https:\\\/\\\/www.dimatteo-eisengiesserei.de\\\/\",\"name\":\"DI MATTEO Eisengie\u00dferei\",\"description\":\"DI MATTEO Eisengie\u00dferei\",\"publisher\":{\"@id\":\"https:\\\/\\\/www.dimatteo-eisengiesserei.de\\\/#organization\"},\"potentialAction\":[{\"@type\":\"SearchAction\",\"target\":{\"@type\":\"EntryPoint\",\"urlTemplate\":\"https:\\\/\\\/www.dimatteo-eisengiesserei.de\\\/?s={search_term_string}\"},\"query-input\":{\"@type\":\"PropertyValueSpecification\",\"valueRequired\":true,\"valueName\":\"search_term_string\"}}],\"inLanguage\":\"de\"},{\"@type\":\"Organization\",\"@id\":\"https:\\\/\\\/www.dimatteo-eisengiesserei.de\\\/#organization\",\"name\":\"DiMatteo Eisengie\u00dferei\",\"url\":\"https:\\\/\\\/www.dimatteo-eisengiesserei.de\\\/\",\"logo\":{\"@type\":\"ImageObject\",\"inLanguage\":\"de\",\"@id\":\"https:\\\/\\\/www.dimatteo-eisengiesserei.de\\\/#\\\/schema\\\/logo\\\/image\\\/\",\"url\":\"https:\\\/\\\/www.dimatteo-eisengiesserei.de\\\/wp-content\\\/uploads\\\/2017\\\/11\\\/matteo-eisengiesserei-logo.png\",\"contentUrl\":\"https:\\\/\\\/www.dimatteo-eisengiesserei.de\\\/wp-content\\\/uploads\\\/2017\\\/11\\\/matteo-eisengiesserei-logo.png\",\"width\":1200,\"height\":62,\"caption\":\"DiMatteo Eisengie\u00dferei\"},\"image\":{\"@id\":\"https:\\\/\\\/www.dimatteo-eisengiesserei.de\\\/#\\\/schema\\\/logo\\\/image\\\/\"}}]}<\/script>\n<!-- \/ Yoast SEO plugin. -->","yoast_head_json":{"title":"Leistungen - Di Matteo Eisengie\u00dferei","description":"Die Herstellung von Gussprodukten, sowie deren mechanische Bearbeitung und Oberfl\u00e4chenbehandlung z\u00e4hlen zu unseren Hauptkompetenzen.","robots":{"index":"index","follow":"follow","max-snippet":"max-snippet:-1","max-image-preview":"max-image-preview:large","max-video-preview":"max-video-preview:-1"},"canonical":"https:\/\/www.dimatteo-eisengiesserei.de\/?page_id=1593","og_locale":"de_DE","og_type":"article","og_title":"Leistungen - Di Matteo Eisengie\u00dferei","og_description":"Die Herstellung von Gussprodukten, sowie deren mechanische Bearbeitung und Oberfl\u00e4chenbehandlung z\u00e4hlen zu unseren Hauptkompetenzen.","og_url":"https:\/\/www.dimatteo-eisengiesserei.de\/?page_id=1593","og_site_name":"DI MATTEO Eisengie\u00dferei","article_modified_time":"2019-09-26T08:58:17+00:00","twitter_card":"summary_large_image","twitter_misc":{"Gesch\u00e4tzte Lesezeit":"2\u00a0Minuten"},"schema":{"@context":"https:\/\/schema.org","@graph":[{"@type":"WebPage","@id":"https:\/\/www.dimatteo-eisengiesserei.de\/?page_id=1593","url":"https:\/\/www.dimatteo-eisengiesserei.de\/?page_id=1593","name":"Leistungen - Di Matteo Eisengie\u00dferei","isPartOf":{"@id":"https:\/\/www.dimatteo-eisengiesserei.de\/#website"},"datePublished":"2015-03-17T07:10:13+00:00","dateModified":"2019-09-26T08:58:17+00:00","description":"Die Herstellung von Gussprodukten, sowie deren mechanische Bearbeitung und Oberfl\u00e4chenbehandlung z\u00e4hlen zu unseren Hauptkompetenzen.","breadcrumb":{"@id":"https:\/\/www.dimatteo-eisengiesserei.de\/?page_id=1593#breadcrumb"},"inLanguage":"de","potentialAction":[{"@type":"ReadAction","target":["https:\/\/www.dimatteo-eisengiesserei.de\/?page_id=1593"]}]},{"@type":"BreadcrumbList","@id":"https:\/\/www.dimatteo-eisengiesserei.de\/?page_id=1593#breadcrumb","itemListElement":[{"@type":"ListItem","position":1,"name":"Startseite","item":"https:\/\/www.dimatteo-eisengiesserei.de\/"},{"@type":"ListItem","position":2,"name":"Leistungen"}]},{"@type":"WebSite","@id":"https:\/\/www.dimatteo-eisengiesserei.de\/#website","url":"https:\/\/www.dimatteo-eisengiesserei.de\/","name":"DI MATTEO Eisengie\u00dferei","description":"DI MATTEO Eisengie\u00dferei","publisher":{"@id":"https:\/\/www.dimatteo-eisengiesserei.de\/#organization"},"potentialAction":[{"@type":"SearchAction","target":{"@type":"EntryPoint","urlTemplate":"https:\/\/www.dimatteo-eisengiesserei.de\/?s={search_term_string}"},"query-input":{"@type":"PropertyValueSpecification","valueRequired":true,"valueName":"search_term_string"}}],"inLanguage":"de"},{"@type":"Organization","@id":"https:\/\/www.dimatteo-eisengiesserei.de\/#organization","name":"DiMatteo Eisengie\u00dferei","url":"https:\/\/www.dimatteo-eisengiesserei.de\/","logo":{"@type":"ImageObject","inLanguage":"de","@id":"https:\/\/www.dimatteo-eisengiesserei.de\/#\/schema\/logo\/image\/","url":"https:\/\/www.dimatteo-eisengiesserei.de\/wp-content\/uploads\/2017\/11\/matteo-eisengiesserei-logo.png","contentUrl":"https:\/\/www.dimatteo-eisengiesserei.de\/wp-content\/uploads\/2017\/11\/matteo-eisengiesserei-logo.png","width":1200,"height":62,"caption":"DiMatteo Eisengie\u00dferei"},"image":{"@id":"https:\/\/www.dimatteo-eisengiesserei.de\/#\/schema\/logo\/image\/"}}]}},"_links":{"self":[{"href":"https:\/\/www.dimatteo-eisengiesserei.de\/index.php?rest_route=\/wp\/v2\/pages\/1593","targetHints":{"allow":["GET"]}}],"collection":[{"href":"https:\/\/www.dimatteo-eisengiesserei.de\/index.php?rest_route=\/wp\/v2\/pages"}],"about":[{"href":"https:\/\/www.dimatteo-eisengiesserei.de\/index.php?rest_route=\/wp\/v2\/types\/page"}],"author":[{"embeddable":true,"href":"https:\/\/www.dimatteo-eisengiesserei.de\/index.php?rest_route=\/wp\/v2\/users\/2"}],"replies":[{"embeddable":true,"href":"https:\/\/www.dimatteo-eisengiesserei.de\/index.php?rest_route=%2Fwp%2Fv2%2Fcomments&post=1593"}],"version-history":[{"count":3,"href":"https:\/\/www.dimatteo-eisengiesserei.de\/index.php?rest_route=\/wp\/v2\/pages\/1593\/revisions"}],"predecessor-version":[{"id":4162,"href":"https:\/\/www.dimatteo-eisengiesserei.de\/index.php?rest_route=\/wp\/v2\/pages\/1593\/revisions\/4162"}],"wp:attachment":[{"href":"https:\/\/www.dimatteo-eisengiesserei.de\/index.php?rest_route=%2Fwp%2Fv2%2Fmedia&parent=1593"}],"curies":[{"name":"wp","href":"https:\/\/api.w.org\/{rel}","templated":true}]}}